{"id":5622,"date":"2025-05-19T15:29:33","date_gmt":"2025-05-19T08:29:33","guid":{"rendered":"https:\/\/skg.vn\/?post_type=product&#038;p=5622"},"modified":"2025-05-19T15:35:12","modified_gmt":"2025-05-19T08:35:12","slug":"bobo-vr-e3-pro","status":"publish","type":"product","link":"https:\/\/skg.vn\/?product=bobo-vr-e3-pro","title":{"rendered":"BOBO VR E3 Pro"},"content":{"rendered":"<div style=\"width: 1400px;\" class=\"wp-video\"><video class=\"wp-video-shortcode\" id=\"video-5622-1\" width=\"1400\" height=\"788\" preload=\"metadata\" controls=\"controls\"><source type=\"video\/mp4\" src=\"https:\/\/skg.vn\/wp-content\/uploads\/2025\/05\/bobo-e3-pro-video.mp4?_=1\" \/><a href=\"https:\/\/skg.vn\/wp-content\/uploads\/2025\/05\/bobo-e3-pro-video.mp4\">https:\/\/skg.vn\/wp-content\/uploads\/2025\/05\/bobo-e3-pro-video.mp4<\/a><\/video><\/div>\n","protected":false},"excerpt":{"rendered":"<div class=\"product-feature-title\"><strong>\u0110i\u1ec3m n\u1ed5i b\u1eadt c\u1ee7a s\u1ea3n ph\u1ea9m<\/strong><\/div>\n<div class=\"product-feature-content prose\">\n<div class=\"metafield-rich_text_field\">\n<ul>\n<li>D\u00e2y \u0111eo \u0111\u1ea7u \u0111\u01b0\u1ee3c ch\u1ee9ng nh\u1eadn Made for Meta\u2122 ch\u00ednh th\u1ee9c cho Quest 3\/3S.<\/li>\n<li>Thi\u1ebft k\u1ebf v\u1eeba v\u1eb7n nh\u1eb9 \u0111\u01b0\u1ee3c t\u1ed1i \u01b0u h\u00f3a \u0111\u1ec3 ch\u01a1i game VR ch\u1ee7 \u0111\u1ed9ng.<\/li>\n<li>H\u1ec7 th\u1ed1ng pin c\u00f3 th\u1ec3 thay th\u1ebf n\u00f3ng 10.000mAh v\u1edbi s\u1ea1c nhanh 22.5W (Pin d\u00f9ng 3 \u0111\u1ebfn 4 ti\u1ebfng)<\/li>\n<li>Gi\u1eafc c\u1eafm \u00e2m thanh 3.5 mm t\u00edch h\u1ee3p cho k\u1ebft n\u1ed1i \u00e2m thanh linh ho\u1ea1t.<\/li>\n<li>Thi\u1ebft k\u1ebf tho\u1ea3i m\u00e1i cao c\u1ea5p v\u1edbi \u0111\u1ec7m linh ho\u1ea1t v\u00e0 t\u00ednh n\u0103ng \u0111\u1eb7t ph\u1eb3ng.<\/li>\n<\/ul>\n<div class=\"product-feature-title\"><strong>T\u01b0\u01a1ng th\u00edch v\u1edbi:<\/strong><\/div>\n<div class=\"product-feature-content\">Meta Quest 3S<br \/>\nMeta Quest 3<\/div>\n<div>\n<ul>\n<li><strong>ch\u00ednh th\u1ee9c \u0111\u01b0\u1ee3c s\u1ea3n xu\u1ea5t cho Meta<\/strong> D\u00e2y \u0111eo pin E3 Pro Elite, \u0111\u01b0\u1ee3c thi\u1ebft k\u1ebf \u0111\u1eb7c bi\u1ec7t cho Meta Quest 3\/3S.<\/li>\n<li><strong>Thi\u1ebft k\u1ebf \u01b0u t\u00fa cho VR ch\u1ee7 \u0111\u1ed9ng v\u00e0 s\u1eed d\u1ee5ng<\/strong><br \/>\nk\u00e9o d\u00e0i D\u00e2y \u0111eo pin E3 Pro c\u00f3 thi\u1ebft k\u1ebf nh\u1eb9, h\u1ee3p l\u00fd \u0111\u01b0\u1ee3c t\u1ed1i \u01b0u h\u00f3a cho c\u00e1c phi\u00ean VR \u0111ang ho\u1ea1t \u0111\u1ed9ng. T\u00edch h\u1ee3p v\u1edbi h\u1ec7 th\u1ed1ng pin B100 ti\u00ean ti\u1ebfn c\u1ee7a BOBOVR, gi\u00fap c\u1ea3i thi\u1ec7n ph\u00e2n b\u1ed5 tr\u1ecdng l\u01b0\u1ee3ng v\u00e0 t\u1ed1i \u01b0u h\u00f3a m\u1ee9c ti\u00eau th\u1ee5 \u0111i\u1ec7n n\u0103ng.<\/li>\n<li><strong>H\u1ec7 th\u1ed1ng s\u1ea1c nhanh c\u00f3 th\u1ec3 thay th\u1ebf n\u00f3ng BOBOVR B100<\/strong>\u00a0\u0110\u01b0\u1ee3c trang b\u1ecb thi\u1ebft k\u1ebf ho\u00e1n \u0111\u1ed5i n\u00f3ng t\u1eeb t\u00ednh \u0111\u1ed9c quy\u1ec1n c\u1ee7a BOBOVR, h\u1ec7 th\u1ed1ng pin B100 c\u00f3 dung l\u01b0\u1ee3ng 10.000mAh (5000mAh\u00d72).<br \/>\nK\u00e9o d\u00e0i tu\u1ed5i th\u1ecd pin l\u00ean 135% \u0111\u1ed1i v\u1edbi Quest 3 v\u00e0 150% \u0111\u1ed1i v\u1edbi Quest 3S, v\u1edbi c\u00f4ng su\u1ea5t s\u1ea1c nhanh 22,5W. M\u00e0n h\u00ecnh th\u00f4ng minh gi\u00fap b\u1ea1n \u0111\u01b0\u1ee3c th\u00f4ng b\u00e1o v\u1ec1 tr\u1ea1ng th\u00e1i ngu\u1ed3n \u0111i\u1ec7n theo th\u1eddi gian th\u1ef1c. Ch\u1ec9 c\u1ea7n g\u1eafn pin m\u1edbi m\u00e0 kh\u00f4ng c\u1ea7n th\u00e1o tai nghe \u0111\u1ec3 c\u00f3 c\u00e1c phi\u00ean VR kh\u00f4ng b\u1ecb gi\u00e1n \u0111o\u1ea1n.<\/li>\n<li>T\u00edch h\u1ee3p<br \/>\n<strong>\u00e2m thanh n\u00e2ng cao<\/strong>\u00a0T\u00ednh n\u0103ng gi\u1eafc c\u1eafm \u00e2m thanh 3.5 mm t\u00edch h\u1ee3p, cung c\u1ea5p c\u00e1c t\u00f9y ch\u1ecdn k\u1ebft n\u1ed1i \u00e2m thanh linh ho\u1ea1t &#8211; \u0111\u1eb7c bi\u1ec7t c\u00f3 l\u1ee3i cho ng\u01b0\u1eddi d\u00f9ng Quest 3S kh\u00f4ng c\u00f3 c\u1ed5ng 3.5 mm tr\u00ean tai nghe c\u1ee7a h\u1ecd. N\u00e2ng cao tr\u1ea3i nghi\u1ec7m \u00e2m thanh VR c\u1ee7a b\u1ea1n v\u1edbi h\u1ed7 tr\u1ee3 thi\u1ebft b\u1ecb \u00e2m thanh b\u00ean ngo\u00e0i m\u1edf r\u1ed9ng.<\/li>\n<li>Thi\u1ebft k\u1ebf<br \/>\n<strong>tho\u1ea3i m\u00e1i v\u01b0\u1ee3t tr\u1ed9i<\/strong>\u00a0\u0110\u01b0\u1ee3c thi\u1ebft k\u1ebf \u0111\u1ec3 mang l\u1ea1i s\u1ef1 tho\u1ea3i m\u00e1i t\u1ed1i \u0111a v\u1edbi s\u1ef1 h\u1ed7 tr\u1ee3 linh ho\u1ea1t di\u1ec7n t\u00edch l\u1edbn tr\u00ean c\u1ea3 n\u00fam v\u1eb7n v\u00e0 \u0111\u1ec7m ph\u00eda sau. Thi\u1ebft k\u1ebf l\u01b0ng ph\u1eb3ng \u0111\u1ea3m b\u1ea3o s\u1ef1 tho\u1ea3i m\u00e1i ngay c\u1ea3 khi n\u1eb1m, trong khi m\u1eb7t s\u1ed1 c\u00f3 th\u1ec3 \u0111i\u1ec1u ch\u1ec9nh ph\u00f9 h\u1ee3p v\u1edbi nhi\u1ec1u k\u00edch c\u1ee1 \u0111\u1ea7u kh\u00e1c nhau \u0111\u1ec3 \u0111eo \u1ed5n \u0111\u1ecbnh v\u00e0 tho\u1ea3i m\u00e1i trong th\u1eddi gian d\u00e0i.<\/li>\n<\/ul>\n<\/div>\n<\/div>\n<\/div>\n","protected":false},"featured_media":5623,"comment_status":"open","ping_status":"closed","template":"","meta":[],"product_cat":[149,203,187,188,28,205,30,186,29,380,201,379,234],"product_tag":[],"class_list":{"0":"post-5622","1":"product","2":"type-product","3":"status-publish","4":"has-post-thumbnail","6":"product_cat-appliances","7":"product_cat-camera","8":"product_cat-cho-thue-thiet-bi","9":"product_cat-dich-vu-thuc-te-ao-vr-ar","10":"product_cat-du-an","11":"product_cat-gaming-gear","12":"product_cat-kinh-thuc-te-ao-vr-ar","13":"product_cat-may-choi-game","14":"product_cat-may-tinh-may-chu","15":"product_cat-meta-quest","16":"product_cat-phu-kien","17":"product_cat-pico","18":"product_cat-smart-home","19":"product_brand-meta-quest-3","20":"product_brand-phu-kien","22":"first","23":"instock","24":"virtual","25":"purchasable","26":"product-type-simple"},"_links":{"self":[{"href":"https:\/\/skg.vn\/index.php?rest_route=\/wp\/v2\/product\/5622","targetHints":{"allow":["GET"]}}],"collection":[{"href":"https:\/\/skg.vn\/index.php?rest_route=\/wp\/v2\/product"}],"about":[{"href":"https:\/\/skg.vn\/index.php?rest_route=\/wp\/v2\/types\/product"}],"replies":[{"embeddable":true,"href":"https:\/\/skg.vn\/index.php?rest_route=%2Fwp%2Fv2%2Fcomments&post=5622"}],"version-history":[{"count":4,"href":"https:\/\/skg.vn\/index.php?rest_route=\/wp\/v2\/product\/5622\/revisions"}],"predecessor-version":[{"id":5633,"href":"https:\/\/skg.vn\/index.php?rest_route=\/wp\/v2\/product\/5622\/revisions\/5633"}],"wp:featuredmedia":[{"embeddable":true,"href":"https:\/\/skg.vn\/index.php?rest_route=\/wp\/v2\/media\/5623"}],"wp:attachment":[{"href":"https:\/\/skg.vn\/index.php?rest_route=%2Fwp%2Fv2%2Fmedia&parent=5622"}],"wp:term":[{"taxonomy":"product_cat","embeddable":true,"href":"https:\/\/skg.vn\/index.php?rest_route=%2Fwp%2Fv2%2Fproduct_cat&post=5622"},{"taxonomy":"product_tag","embeddable":true,"href":"https:\/\/skg.vn\/index.php?rest_route=%2Fwp%2Fv2%2Fproduct_tag&post=5622"}],"curies":[{"name":"wp","href":"https:\/\/api.w.org\/{rel}","templated":true}]}}