{"id":5602,"date":"2025-01-17T16:44:39","date_gmt":"2025-01-17T09:44:39","guid":{"rendered":"https:\/\/skg.vn\/?post_type=product&#038;p=5602"},"modified":"2025-01-17T16:44:39","modified_gmt":"2025-01-17T09:44:39","slug":"kinh-thuc-te-ao-meta-quest-3s-128gb","status":"publish","type":"product","link":"https:\/\/skg.vn\/?product=kinh-thuc-te-ao-meta-quest-3s-128gb","title":{"rendered":"K\u00ednh Th\u1ef1c T\u1ebf \u1ea2o Meta Quest 3S 128GB."},"content":{"rendered":"<p>\u2611 Meta Quest 3S phi\u00ean b\u1ea3n 128GB<br \/>\n\u2611 Chip: Snapdragon XR2 Gen2<br \/>\n\u2611 DRAM: 8GB<br \/>\n\u2611 Strap: D\u00e2y \u0111eo m\u1ec1m (c\u00f3 ch\u1ec9nh chu vi)<br \/>\n\u2611 \u0110\u1ed9 ph\u00e2n gi\u1ea3i: 1832 x 1920 pixels<br \/>\n\u2611 M\u1eadt \u0111\u1ed9 \u0111i\u1ec3m \u1ea3nh: 773 ppi<br \/>\n\u2611 T\u1ea7n s\u1ed1 qu\u00e9t: 90Hz\/120Hz<br \/>\n\u2611 G\u00f3c nh\u00ecn (\u0111\u1ed9): 96 ngang \/ 90 d\u1ecdc<br \/>\n\u2611 Th\u1ea5u k\u00ednh quang h\u1ecdc: Fresnel<br \/>\n\u2611 Hand tracking: C\u00f3<br \/>\n\u2611 Tay c\u1ea7m \u0111i\u1ec1u khi\u1ec3n: 02 (L &amp; R)<br \/>\n\u2611 Pin: 4324 mAh<\/p>\n","protected":false},"excerpt":{"rendered":"<p>\u2611 Meta Quest 3S phi\u00ean b\u1ea3n 128GB \u2611 Chip: Snapdragon XR2 Gen2 \u2611 DRAM: 8GB \u2611 Strap: D\u00e2y \u0111eo m\u1ec1m (c\u00f3 ch\u1ec9nh chu vi) \u2611 \u0110\u1ed9 ph\u00e2n gi\u1ea3i: 1832 x 1920 pixels \u2611 M\u1eadt \u0111\u1ed9 \u0111i\u1ec3m \u1ea3nh: 773 ppi \u2611 T\u1ea7n s\u1ed1 qu\u00e9t: 90Hz\/120Hz \u2611 G\u00f3c nh\u00ecn (\u0111\u1ed9): 96 ngang \/ 90 d\u1ecdc \u2611 Th\u1ea5u [&hellip;]<\/p>\n","protected":false},"featured_media":0,"comment_status":"open","ping_status":"closed","template":"","meta":[],"product_cat":[149,30,380],"product_tag":[],"class_list":{"0":"post-5602","1":"product","2":"type-product","3":"status-publish","5":"product_cat-appliances","6":"product_cat-kinh-thuc-te-ao-vr-ar","7":"product_cat-meta-quest","9":"first","10":"instock","11":"shipping-taxable","12":"product-type-simple"},"_links":{"self":[{"href":"https:\/\/skg.vn\/index.php?rest_route=\/wp\/v2\/product\/5602","targetHints":{"allow":["GET"]}}],"collection":[{"href":"https:\/\/skg.vn\/index.php?rest_route=\/wp\/v2\/product"}],"about":[{"href":"https:\/\/skg.vn\/index.php?rest_route=\/wp\/v2\/types\/product"}],"replies":[{"embeddable":true,"href":"https:\/\/skg.vn\/index.php?rest_route=%2Fwp%2Fv2%2Fcomments&post=5602"}],"version-history":[{"count":1,"href":"https:\/\/skg.vn\/index.php?rest_route=\/wp\/v2\/product\/5602\/revisions"}],"predecessor-version":[{"id":5603,"href":"https:\/\/skg.vn\/index.php?rest_route=\/wp\/v2\/product\/5602\/revisions\/5603"}],"wp:attachment":[{"href":"https:\/\/skg.vn\/index.php?rest_route=%2Fwp%2Fv2%2Fmedia&parent=5602"}],"wp:term":[{"taxonomy":"product_cat","embeddable":true,"href":"https:\/\/skg.vn\/index.php?rest_route=%2Fwp%2Fv2%2Fproduct_cat&post=5602"},{"taxonomy":"product_tag","embeddable":true,"href":"https:\/\/skg.vn\/index.php?rest_route=%2Fwp%2Fv2%2Fproduct_tag&post=5602"}],"curies":[{"name":"wp","href":"https:\/\/api.w.org\/{rel}","templated":true}]}}