{"id":5215,"date":"2024-01-31T15:13:54","date_gmt":"2024-01-31T08:13:54","guid":{"rendered":"https:\/\/skg.vn\/?post_type=product&#038;p=5215"},"modified":"2024-01-31T15:13:55","modified_gmt":"2024-01-31T08:13:55","slug":"meta-quest-pro","status":"publish","type":"product","link":"https:\/\/skg.vn\/?product=meta-quest-pro","title":{"rendered":"Meta Quest Pro"},"content":{"rendered":"<h1 class=\"block_cen_tit\">K\u00ednh Th\u1ef1c T\u1ebf \u1ea2o Meta Quest Pro<\/h1>\n<div class=\"ct_tomtat\">\n<p>Quest Pro new seal<\/p>\n<p>\u2611B\u1ea3o h\u00e0nh 1 th\u00e1ng : 29 tri\u1ec7u<\/p>\n<p>\u2611B\u1ea3o h\u00e0nh 3 th\u00e1ng : 31 tri\u1ec7u<\/p>\n<p>\u2611B\u1ea3o h\u00e0nh 6 th\u00e1ng : 33 tri\u1ec7u<\/p>\n<p>K\u00ednh th\u1ef1c t\u1ebf \u1ea3o Meta Quest Pro l\u00e0 s\u1ea3n ph\u1ea9m m\u1eaft th\u00e1ng 10\/2022 L\u00e0 b\u1ea3n n\u00e2ng c\u1ea5p c\u1ee7a Quest 2 k\u1ebft h\u1ee3p c\u00f4ng ngh\u1ec7 m\u1edbi \u0111\u1ed9t ph\u00e1 nh\u01b0 Passthrough h\u00ecnh \u1ea3nh b\u00ean ngo\u00e0i ph\u1ed1i h\u1ee3p th\u00e0nh th\u1ef1c t\u1ebf t\u0103ng c\u01b0\u1eddng AR. Thi\u1ebft k\u1ebf c\u00f4ng th\u00e1i h\u1ecdc c\u00e2n b\u1eb1ng t\u1ea1o c\u1ea3m gi\u00e1c tho\u1ea3i m\u00e1i cho ng\u01b0\u1eddi \u0111eo.<\/p>\n<h2><strong>\u2611 Th\u00f4ng s\u1ed1 k\u1ef9 thu\u1eadt Meta Quest Pro<\/strong><\/h2>\n<table>\n<tbody>\n<tr>\n<td><strong>Th<\/strong><strong>\u1ea5u k\u00ednh:<\/strong><\/td>\n<td>Pancake lenses<\/td>\n<\/tr>\n<tr>\n<td><strong>M\u00e0n h\u00ecnh:<\/strong><\/td>\n<td>2 m\u00e0n LCD<\/td>\n<\/tr>\n<tr>\n<td><strong>\u0110\u1ed9 ph\u00e2n gi\u1ea3i:<\/strong><\/td>\n<td>1800\u00d71920 m\u1ed7i m\u1eaft3600\u00d71920 (t\u1ed5ng 2 m\u1eaft)<\/td>\n<\/tr>\n<tr>\n<td><strong>Kho<\/strong><strong>\u1ea3ng c\u00e1ch \u0111i\u1ec1u ch\u1ec9nh IPD:<\/strong><\/td>\n<td>\u0110i\u1ec1u ch\u1ec9nh linh \u0111\u1ed9ng trong kho\u1ea3ng 55-75 mm<\/td>\n<\/tr>\n<tr>\n<td><strong>Passthrough:<\/strong><\/td>\n<td>Camera m\u00e0u tracking nh\u00ecn xuy\u00ean th\u1ea5u<\/td>\n<\/tr>\n<tr>\n<td><strong>M\u00e0u s<\/strong><strong>\u1eafc:<\/strong><\/td>\n<td>M\u00e0u \u0111en<\/td>\n<\/tr>\n<tr>\n<td><strong>T<\/strong><strong>\u1ea7n s\u1ed1 qu\u00e9t\u00a0<\/strong><strong>(Refresh Rate):<\/strong><\/td>\n<td>90 Hz (72 Hz mode available)<\/td>\n<\/tr>\n<tr>\n<td><strong>G\u00f3c nh\u00ecn (FoV):<\/strong><\/td>\n<td>Nh\u00ecn ngang 106\u00b0Nh\u00ecn ch\u00e9o 96\u00b0<\/td>\n<\/tr>\n<tr>\n<td><strong>Tr<\/strong><strong>\u1ecdng l\u01b0\u1ee3ng:<\/strong><\/td>\n<td>722 g v\u1edbi \u00a0headstrap<\/td>\n<\/tr>\n<tr>\n<td><strong>WiFi:<\/strong><\/td>\n<td>WiFi 6E<\/td>\n<\/tr>\n<tr>\n<td><strong>Bluetooth:<\/strong><\/td>\n<td>Bluetooth 5.0<\/td>\n<\/tr>\n<tr>\n<td><strong>Ki<\/strong><strong>\u1ec3u tracking:<\/strong><\/td>\n<td>Tracking Inside-out 6 DoF v\u1edbi 5 camera m\u00e0u ch\u00ednh x\u00e1c<\/td>\n<\/tr>\n<tr>\n<td><strong>K<\/strong><strong>\u1ebft n\u1ed1i:<\/strong><\/td>\n<td>C\u1ed5ng s\u1ea1c USB Type-CK\u1ebft n\u1ed1i Oculus Link b\u1eb1ng c\u00e1p Link nh\u01b0 Quest 2<\/p>\n<p>T\u00edch h\u1ee3p s\u1eb5n AirLink<\/td>\n<\/tr>\n<tr>\n<td><strong>H<\/strong><strong>\u1ec7 \u0111i\u1ec1u h\u00e0nh:<\/strong><\/td>\n<td>Anroid t\u00f9y bi\u1ebfn<\/td>\n<\/tr>\n<tr>\n<td><strong>CPU\/Chip:<\/strong><\/td>\n<td>Qualcomm Snapdragon XR2+<\/td>\n<\/tr>\n<tr>\n<td><strong>RAM:<\/strong><\/td>\n<td>12 GB LPDDR5<\/td>\n<\/tr>\n<tr>\n<td><strong>B<\/strong><strong>\u1ed9 nh\u1edb trong:<\/strong><\/td>\n<td>256 GB<\/td>\n<\/tr>\n<tr>\n<td><strong>Th<\/strong><strong>\u1eddi l\u01b0\u1ee3ng PIN:<\/strong><\/td>\n<td>S\u1eed d\u1ee5ng li\u00ean t\u1ee5c t\u1eeb 2-3 ti\u1ebfng<\/td>\n<\/tr>\n<tr>\n<td><strong>Micro:<\/strong><\/td>\n<td>T\u00edch h\u1ee3p s\u1eb5n<\/td>\n<\/tr>\n<tr>\n<td><strong>Loa:<\/strong><\/td>\n<td>T\u00edch h\u1ee3p s\u1eb5n<\/td>\n<\/tr>\n<\/tbody>\n<\/table>\n<\/div>\n","protected":false},"excerpt":{"rendered":"<p>K\u00ednh Th\u1ef1c T\u1ebf \u1ea2o Meta Quest Pro Quest Pro new seal \u2611B\u1ea3o h\u00e0nh 1 th\u00e1ng : 29 tri\u1ec7u \u2611B\u1ea3o h\u00e0nh 3 th\u00e1ng : 31 tri\u1ec7u \u2611B\u1ea3o h\u00e0nh 6 th\u00e1ng : 33 tri\u1ec7u K\u00ednh th\u1ef1c t\u1ebf \u1ea3o Meta Quest Pro l\u00e0 s\u1ea3n ph\u1ea9m m\u1eaft th\u00e1ng 10\/2022 L\u00e0 b\u1ea3n n\u00e2ng c\u1ea5p c\u1ee7a Quest 2 k\u1ebft h\u1ee3p c\u00f4ng [&hellip;]<\/p>\n","protected":false},"featured_media":5208,"comment_status":"open","ping_status":"closed","template":"","meta":[],"product_cat":[30,380],"product_tag":[381,383,384],"class_list":{"0":"post-5215","1":"product","2":"type-product","3":"status-publish","4":"has-post-thumbnail","6":"product_cat-kinh-thuc-te-ao-vr-ar","7":"product_cat-meta-quest","8":"product_tag-meta-quest","9":"product_tag-meta-quest-pro","10":"product_tag-quest-pro","12":"first","13":"instock","14":"shipping-taxable","15":"purchasable","16":"product-type-simple"},"_links":{"self":[{"href":"https:\/\/skg.vn\/index.php?rest_route=\/wp\/v2\/product\/5215","targetHints":{"allow":["GET"]}}],"collection":[{"href":"https:\/\/skg.vn\/index.php?rest_route=\/wp\/v2\/product"}],"about":[{"href":"https:\/\/skg.vn\/index.php?rest_route=\/wp\/v2\/types\/product"}],"replies":[{"embeddable":true,"href":"https:\/\/skg.vn\/index.php?rest_route=%2Fwp%2Fv2%2Fcomments&post=5215"}],"version-history":[{"count":0,"href":"https:\/\/skg.vn\/index.php?rest_route=\/wp\/v2\/product\/5215\/revisions"}],"wp:featuredmedia":[{"embeddable":true,"href":"https:\/\/skg.vn\/index.php?rest_route=\/wp\/v2\/media\/5208"}],"wp:attachment":[{"href":"https:\/\/skg.vn\/index.php?rest_route=%2Fwp%2Fv2%2Fmedia&parent=5215"}],"wp:term":[{"taxonomy":"product_cat","embeddable":true,"href":"https:\/\/skg.vn\/index.php?rest_route=%2Fwp%2Fv2%2Fproduct_cat&post=5215"},{"taxonomy":"product_tag","embeddable":true,"href":"https:\/\/skg.vn\/index.php?rest_route=%2Fwp%2Fv2%2Fproduct_tag&post=5215"}],"curies":[{"name":"wp","href":"https:\/\/api.w.org\/{rel}","templated":true}]}}