{"id":5121,"date":"2024-01-24T16:44:30","date_gmt":"2024-01-24T09:44:30","guid":{"rendered":"https:\/\/skg.vn\/?post_type=product&#038;p=5121"},"modified":"2025-05-19T15:32:11","modified_gmt":"2025-05-19T08:32:11","slug":"kinh-thuc-te-ao-meta-quest-3-128g","status":"publish","type":"product","link":"https:\/\/skg.vn\/?product=kinh-thuc-te-ao-meta-quest-3-128g","title":{"rendered":"BoBo Vr E3 Pro"},"content":{"rendered":"<p><strong>K\u00ednh th\u1ef1c t\u1ebf \u1ea3o Meta Quets 3 128GB l\u00e0 phi\u00ean b\u1ea3n m\u1edbi nh\u1ea5t \u0111\u01b0\u1ee3c gi\u1edbi thi\u1ec7u n\u0103m 2023 k\u1ec3 t\u1eeb th\u1ebf h\u1ec7\u00a0Oculus Quest 2\u00a0ra m\u1eaft n\u0103m 2020 v\u00e0 l\u00e0 m\u1ed9t chi\u1ebfc k\u00ednh VR ho\u1ea1t \u0111\u1ed9ng \u0111\u1ed9c l\u1eadp. V\u1edbi phi\u00ean b\u1ea3n m\u1edbi nh\u1ea5t Facebook hi\u1ec7n nay l\u00e0 Meta ti\u1ebfn h\u00e0nh nh\u1eefng n\u00e2ng c\u1ea5p \u0111\u00e1ng k\u1ec3 h\u1ee9a h\u1eb9n \u0111\u1ee9ng \u0111\u1ea7u ph\u00e2n kh\u00fac nh\u01b0 \u0111\u1ed9 ph\u00e2n gi\u1ea3i cao h\u01a1n, hi\u1ec7u su\u1ea5t m\u1ea1nh h\u01a1n, m\u1ecfng h\u01a1n, tho\u1ea3i m\u00e1i h\u01a1n v\u00e0 \u0111\u1eb7c bi\u1ec7t \u0111i k\u00e8m c\u00f4ng ngh\u1ec7 Meta Reality.<\/strong><\/p>\n<h2><strong>META QUEST 3 S\u1ebc L\u00c0 CHI\u1ebeC K\u00cdNH VR M\u1ea0NH M\u1ebc NH\u1ea4T C\u1ee6A FACEBOOK<\/strong><\/h2>\n<p>Quest 3 \u0111\u01b0\u1ee3c trang b\u1ecb m\u00e0n h\u00ecnh \u0111\u1ed9 ph\u00e2n gi\u1ea3i 2064 \u00d7 2208px (tr\u00ean m\u1ed7i m\u1eaft) cao nh\u1ea5t t\u1eeb tr\u01b0\u1edbc \u0111\u1ebfn nay, Cao h\u01a1n c\u1ea3 Meta Quest Pro (1800\u00d71920 m\u1ed7i m\u1eaft). s\u1eed d\u1ee5ng m\u00e0n h\u00ecnh LCD t\u1ea7n s\u1ed1 qu\u00e9t 120Hz.<\/p>\n<p>V\u1edbi \u0111\u1ecbnh h\u01b0\u1edbng l\u00e0 m\u1ed9t s\u1ea3n ph\u1ea9m c\u00f3 gi\u00e1 t\u1ea7m trung nh\u01b0ng c\u1ea5u h\u00ecnh t\u1ea7m cao. Quest 3 \u0111\u01b0\u1ee3c trang b\u1ecb th\u1ea5u k\u00ednh Pancake t\u01b0\u01a1ng t\u1ef1\u00a0Pico 4\u00a0v\u00e0\u00a0Meta Quest pro\u00a0gi\u00fap k\u00ednh c\u00f3 k\u00edch th\u01b0\u1edbc thon g\u1ecdn v\u00e0 m\u1ecfng h\u01a1n 40% so v\u1edbi Meta Quest 2.<\/p>\n<p>CPU th\u1ebf h\u1ec7 m\u1edbi c\u1ee7a Qualcomm Snapdargon mang l\u1ea1i hi\u1ec7u su\u1ea5t \u0111\u1ed3 h\u1ecda g\u1ea5p \u0111\u00f4i so v\u1edbi th\u1ebf h\u1ec7 tr\u01b0\u1edbc. \u0110i\u1ec1u \u0111\u00f3 c\u00f3 ngh\u0129a r\u1eb1ng b\u1ea1n s\u1ebd \u0111\u01b0\u1ee3c tr\u1ea3i nghi\u1ec7m h\u00ecnh \u1ea3nh m\u01b0\u1ee3t m\u00e0 v\u00e0 s\u1eafc n\u00e9t h\u01a1n.<\/p>\n<p><img fetchpriority=\"high\" decoding=\"async\" class=\"alignnone size-medium wp-image-5122\" src=\"https:\/\/skg.vn\/wp-content\/uploads\/2024\/01\/Kinh-Meta-Quest-3-mong-hon-40-so-voi-Quest-2-nho-su-dung-thau-kinh-Pancake-300x169.jpg\" alt=\"\" width=\"300\" height=\"169\" srcset=\"https:\/\/skg.vn\/wp-content\/uploads\/2024\/01\/Kinh-Meta-Quest-3-mong-hon-40-so-voi-Quest-2-nho-su-dung-thau-kinh-Pancake-300x169.jpg 300w, https:\/\/skg.vn\/wp-content\/uploads\/2024\/01\/Kinh-Meta-Quest-3-mong-hon-40-so-voi-Quest-2-nho-su-dung-thau-kinh-Pancake-768x432.jpg 768w, https:\/\/skg.vn\/wp-content\/uploads\/2024\/01\/Kinh-Meta-Quest-3-mong-hon-40-so-voi-Quest-2-nho-su-dung-thau-kinh-Pancake-220x124.jpg 220w, https:\/\/skg.vn\/wp-content\/uploads\/2024\/01\/Kinh-Meta-Quest-3-mong-hon-40-so-voi-Quest-2-nho-su-dung-thau-kinh-Pancake-86x48.jpg 86w, https:\/\/skg.vn\/wp-content\/uploads\/2024\/01\/Kinh-Meta-Quest-3-mong-hon-40-so-voi-Quest-2-nho-su-dung-thau-kinh-Pancake-64x36.jpg 64w, https:\/\/skg.vn\/wp-content\/uploads\/2024\/01\/Kinh-Meta-Quest-3-mong-hon-40-so-voi-Quest-2-nho-su-dung-thau-kinh-Pancake.jpg 800w\" sizes=\"(max-width: 300px) 100vw, 300px\" \/><\/p>\n<p>K\u00ednh Meta Quest 3 M\u1ecfng H\u01a1n 40% So V\u1edbi Quest 2 Nh\u1edd S\u1eed D\u1ee5ng Th\u1ea5u K\u00ednh Pancake<\/p>\n<h2><strong>GIA NH\u1eacP TH\u1ef0C T\u1ebe \u1ea2O METAVERSE V\u1edaI C\u00d4NG NGH\u1ec6 META REALITY<\/strong><\/h2>\n<p><img decoding=\"async\" class=\"alignnone size-medium wp-image-5123\" src=\"https:\/\/skg.vn\/wp-content\/uploads\/2024\/01\/Meta-Quest-3-tang-cuong-3-camera-va-cong-nghe-passthrough-anh-mau-1067x800-1-300x225.jpg\" alt=\"\" width=\"300\" height=\"225\" srcset=\"https:\/\/skg.vn\/wp-content\/uploads\/2024\/01\/Meta-Quest-3-tang-cuong-3-camera-va-cong-nghe-passthrough-anh-mau-1067x800-1-300x225.jpg 300w, https:\/\/skg.vn\/wp-content\/uploads\/2024\/01\/Meta-Quest-3-tang-cuong-3-camera-va-cong-nghe-passthrough-anh-mau-1067x800-1-1024x768.jpg 1024w, https:\/\/skg.vn\/wp-content\/uploads\/2024\/01\/Meta-Quest-3-tang-cuong-3-camera-va-cong-nghe-passthrough-anh-mau-1067x800-1-768x576.jpg 768w, https:\/\/skg.vn\/wp-content\/uploads\/2024\/01\/Meta-Quest-3-tang-cuong-3-camera-va-cong-nghe-passthrough-anh-mau-1067x800-1-205x154.jpg 205w, https:\/\/skg.vn\/wp-content\/uploads\/2024\/01\/Meta-Quest-3-tang-cuong-3-camera-va-cong-nghe-passthrough-anh-mau-1067x800-1-800x600.jpg 800w, https:\/\/skg.vn\/wp-content\/uploads\/2024\/01\/Meta-Quest-3-tang-cuong-3-camera-va-cong-nghe-passthrough-anh-mau-1067x800-1-86x64.jpg 86w, https:\/\/skg.vn\/wp-content\/uploads\/2024\/01\/Meta-Quest-3-tang-cuong-3-camera-va-cong-nghe-passthrough-anh-mau-1067x800-1-64x48.jpg 64w, https:\/\/skg.vn\/wp-content\/uploads\/2024\/01\/Meta-Quest-3-tang-cuong-3-camera-va-cong-nghe-passthrough-anh-mau-1067x800-1.jpg 1067w\" sizes=\"(max-width: 300px) 100vw, 300px\" \/><\/p>\n<p>Meta Quest 3 T\u0103ng C\u01b0\u1eddng 3 Camera V\u00e0 C\u00f4ng Ngh\u1ec7 Passthrough \u1ea3nh M\u00e0u<\/p>\n<p>C\u00f4ng ngh\u1ec7 Meta Reality l\u1ea7n \u0111\u1ea7u \u0111\u01b0\u1ee3c trang b\u1ecb tr\u00ean Meta Quest 3 cho ph\u00e9p b\u1ea1n k\u1ebft h\u1ee3p nhu\u1ea7n nhuy\u1ec5n th\u1ebf gi\u1edbi th\u1ef1c v\u00e0 \u1ea3o. C\u00f4ng ngh\u1ec7 n\u00e0y v\u01b0\u1ee3t xa Mixed Reality m\u00e0 nhi\u1ec1u h\u00e3ng \u0111\u00e3 s\u1eed d\u1ee5ng tr\u01b0\u1edbc \u0111\u00e2y b\u1eb1ng c\u00e1ch hi\u1ec3u v\u00e0 ph\u1ea3n \u1ee9ng v\u1edbi c\u00e1c th\u1ef1c th\u1ec3 t\u1ed3n t\u1ea1i xung quanh kh\u00f4ng gian v\u1eadt l\u00fd c\u1ee7a b\u1ea1n. \u0110\u1ed3ng th\u1eddi b\u1ea1n c\u0169ng c\u00f3 th\u1ec3 \u0111i\u1ec1u h\u01b0\u1edbng kh\u00f4ng gian s\u1eed d\u1ee5ng m\u1ed9t c\u00e1ch t\u1ef1 nhi\u00ean v\u00e0 linh \u0111\u1ed9ng kh\u00f4ng ph\u1ea3i setup m\u1ed9t c\u00e1ch ch\u1ee7 \u0111\u1ed9ng nh\u01b0 tr\u01b0\u1edbc \u0111\u00e2y.<\/p>\n<p>V\u1edbi c\u00f4ng ngh\u1ec7 AI v\u00e0 m\u00e1y h\u1ecdc (machine learning). 3 camera \u1edf m\u1eb7t tr\u01b0\u1edbc h\u1ed7 tr\u1ee3 kh\u1ea3 n\u0103ng nh\u00ecn xuy\u00ean th\u1ea5u (Passthrough) v\u1edbi camera m\u00e0u cho ph\u00e9p b\u1ea1n t\u01b0\u01a1ng t\u00e1c \u0111\u1ed3ng th\u1eddi gi\u1eefa th\u1ebf gi\u1edbi \u1ea3o v\u00e0 th\u1ef1c m\u1ed9t c\u00e1ch t\u1ef1 nhi\u00ean nh\u1ea5t. T\u1eeb \u0111\u00f3 t\u1ea1o ra nh\u1eefng kh\u1ea3 n\u0103ng kh\u00e1m ph\u00e1 v\u00f4 h\u1ea1n v\u00e0 \u1ee9ng d\u1ee5ng phong ph\u00fa.<\/p>\n<p>M\u1ed9t v\u00e0i \u1ee9ng d\u1ee5ng \u0111\u01a1n gi\u1ea3n nh\u01b0 ch\u01a1i c\u1edd vua \u1ea3o tr\u1ef1c ti\u1ebfp tr\u00ean chi\u1ebfc b\u00e0n \u0103n c\u1ee7a b\u1ea1n v\u1edbi \u1ee9ng d\u1ee5ng Demeo. Hay b\u1ea1n c\u00f3 th\u1ec3 trang tr\u00ed, decor l\u1ea1i c\u0103n ph\u00f2ng c\u1ee7a b\u1ea1n theo tr\u00ed t\u01b0\u1edfng t\u01b0\u1ee3ng b\u1eb1ng \u1ee9ng d\u1ee5ng Drawing VR. Ho\u1eb7c b\u1ea1n ho\u00e0n to\u00e0n c\u00f3 th\u1ec3 \u0111\u1eafm ch\u00ecm trong kh\u00f4ng gian th\u1ef1c t\u1ebf \u1ea3o v\u1edbi nh\u1eefng th\u1ebf gi\u1edbi kh\u00e1c v\u00e0 nh\u1eadp vai \u0111\u1ec3 th\u1ef1c hi\u1ec7n nh\u1eefng nhi\u1ec7m v\u1ee5 t\u01b0\u1edfng ch\u1eebng nh\u01b0 vi\u1ec5n t\u01b0\u1edfng.<\/p>\n<h2><strong>META QUEST 3 C\u00d3 THI\u1ebeT K\u1ebe THO\u1ea2I M\u00c1I V\u00c0 D\u1ec4 D\u00c0NG S\u1eec D\u1ee4NG<\/strong><\/h2>\n<p>V\u1edbi th\u1ea5u k\u00ednh Pancake m\u1ecfng h\u01a1n 40% so v\u1edbi\u00a0<a href=\"https:\/\/www.droidshop.vn\/san-pham\/kinh-thuc-te-ao-oculus-quest-2-128gb\/\">Quest 2<\/a>. Meta Quest 3 l\u00e0 m\u1ed9t chi\u1ebfc k\u00ednh VR \u0111\u1eb9p v\u00e0 tho\u1ea3i m\u00e1i h\u01a1n.<\/p>\n<p>V\u1edbi nh\u1eefng ti\u1ebfn b\u1ed9 trong c\u00f4ng ngh\u1ec7 tracking. Tay c\u1ea7m c\u1ee7a Quest 3 (Touch Plus) c\u0169ng c\u00f3 ki\u1ec3u d\u00e1ng hi\u1ec7n \u0111\u1ea1i nh\u01b0 Quest Pro v\u00e0 th\u1ef1c d\u1ee5ng h\u01a1n so v\u1edbi c\u00e1c th\u1ebf h\u1ec7 VR t\u1ea7m trung tr\u01b0\u1edbc \u0111\u00e2y c\u1ee7a Oculus. Tr\u00ean tay c\u1ea7m c\u1ee7a Quest 3 \u0111\u00e3 lo\u1ea1i b\u1ecf ho\u00e0n to\u00e0n chi\u1ebfc v\u00f2ng theo d\u00f5i b\u00ean ngo\u00e0i t\u1eeb \u0111\u00f3 c\u00f3 thi\u1ebft k\u1ebf nh\u1ecf g\u1ecdn chi\u1ebfm \u00edt di\u1ec7n t\u00edch h\u01a1n.<\/p>\n<p><img decoding=\"async\" class=\"alignnone size-medium wp-image-5124\" src=\"https:\/\/skg.vn\/wp-content\/uploads\/2024\/01\/Bo-tay-cam-Touch-Plus-1400x787-1-300x169.jpeg\" alt=\"\" width=\"300\" height=\"169\" srcset=\"https:\/\/skg.vn\/wp-content\/uploads\/2024\/01\/Bo-tay-cam-Touch-Plus-1400x787-1-300x169.jpeg 300w, https:\/\/skg.vn\/wp-content\/uploads\/2024\/01\/Bo-tay-cam-Touch-Plus-1400x787-1-1024x576.jpeg 1024w, https:\/\/skg.vn\/wp-content\/uploads\/2024\/01\/Bo-tay-cam-Touch-Plus-1400x787-1-768x432.jpeg 768w, https:\/\/skg.vn\/wp-content\/uploads\/2024\/01\/Bo-tay-cam-Touch-Plus-1400x787-1-220x124.jpeg 220w, https:\/\/skg.vn\/wp-content\/uploads\/2024\/01\/Bo-tay-cam-Touch-Plus-1400x787-1-800x450.jpeg 800w, https:\/\/skg.vn\/wp-content\/uploads\/2024\/01\/Bo-tay-cam-Touch-Plus-1400x787-1-86x48.jpeg 86w, https:\/\/skg.vn\/wp-content\/uploads\/2024\/01\/Bo-tay-cam-Touch-Plus-1400x787-1-64x36.jpeg 64w, https:\/\/skg.vn\/wp-content\/uploads\/2024\/01\/Bo-tay-cam-Touch-Plus-1400x787-1.jpeg 1400w\" sizes=\"(max-width: 300px) 100vw, 300px\" \/><\/p>\n<p>B\u1ed9 Tay C\u1ea7m Touch Plus<\/p>\n<p>Tay c\u1ea7m c\u1ee7a Quest 3 \u0111\u01b0\u1ee3c trang b\u1ecb c\u00f4ng ngh\u1ec7 m\u1edbi nh\u1ea5t m\u00e0 Meta g\u1ecdi l\u00e0 TruTouch haptics l\u1ea7n \u0111\u1ea7u ti\u00ean \u0111\u01b0\u1ee3c ra m\u1eaft. T\u1ea5t nhi\u00ean controller c\u1ee7a Quest 3 v\u1eabn kh\u00f4ng \u0111\u01b0\u1ee3c trang b\u1ecb c\u00e1c c\u00f4ng ngh\u1ec7 c\u1ea3m bi\u1ebfn v\u00e0 CPU ri\u00eang tr\u00ean tay c\u1ea7m nh\u01b0 Quest Pro. Tuy nhi\u00ean b\u1ea1n ho\u00e0n to\u00e0n c\u00f3 th\u1ec3 mua th\u00eam\u00a0<a href=\"https:\/\/www.droidshop.vn\/san-pham\/tay-cam-meta-quest-touch-pro-controllers\/\">controller c\u1ee7a Quest Pro<\/a>\u00a0\u0111\u1ec3 s\u1eed d\u1ee5ng. Ch\u00fang ho\u00e0n to\u00e0n t\u01b0\u01a1ng th\u00edch v\u1edbi nhau.<\/p>\n<p>Handtracking tr\u00ean Quest 3 c\u0169ng \u0111\u01b0\u1ee3c n\u00e2ng c\u1ea5p v\u1edbi Driect Touch cho ph\u00e9p b\u1ea1n c\u00f3 th\u1ec3 s\u1eed d\u1ee5ng b\u00e0n tay c\u1ee7a m\u00ecnh \u0111\u1ec3 t\u01b0\u01a1ng t\u00e1c v\u00e0 \u0111i\u1ec1u khi\u1ec3n k\u00ednh m\u00e0 kh\u00f4ng c\u1ea7n s\u1eed d\u1ee5ng t\u1edbi tay c\u1ea7m.<\/p>\n<h2><strong>KHO \u1ee8NG D\u1ee4NG PHONG PH\u00da<\/strong><\/h2>\n<p><img loading=\"lazy\" decoding=\"async\" class=\"alignnone size-medium wp-image-5125\" src=\"https:\/\/skg.vn\/wp-content\/uploads\/2024\/01\/2-300x169.jpg\" alt=\"\" width=\"300\" height=\"169\" srcset=\"https:\/\/skg.vn\/wp-content\/uploads\/2024\/01\/2-300x169.jpg 300w, https:\/\/skg.vn\/wp-content\/uploads\/2024\/01\/2-220x124.jpg 220w, https:\/\/skg.vn\/wp-content\/uploads\/2024\/01\/2-86x48.jpg 86w, https:\/\/skg.vn\/wp-content\/uploads\/2024\/01\/2-64x36.jpg 64w, https:\/\/skg.vn\/wp-content\/uploads\/2024\/01\/2.jpg 640w\" sizes=\"(max-width: 300px) 100vw, 300px\" \/> <img loading=\"lazy\" decoding=\"async\" class=\"alignnone size-medium wp-image-5126\" src=\"https:\/\/skg.vn\/wp-content\/uploads\/2024\/01\/3-300x169.jpg\" alt=\"\" width=\"300\" height=\"169\" srcset=\"https:\/\/skg.vn\/wp-content\/uploads\/2024\/01\/3-300x169.jpg 300w, https:\/\/skg.vn\/wp-content\/uploads\/2024\/01\/3-220x124.jpg 220w, https:\/\/skg.vn\/wp-content\/uploads\/2024\/01\/3-86x49.jpg 86w, https:\/\/skg.vn\/wp-content\/uploads\/2024\/01\/3-64x36.jpg 64w, https:\/\/skg.vn\/wp-content\/uploads\/2024\/01\/3.jpg 640w\" sizes=\"(max-width: 300px) 100vw, 300px\" \/><\/p>\n<p>Kho \u1ee9ng D\u1ee5ng Meta Reality Phong Ph\u00fa<\/p>\n<p>Quest 3 t\u01b0\u01a1ng th\u00edch ho\u00e0n to\u00e0n v\u1edbi \u1ee9ng d\u1ee5ng c\u1ee7a Quest 2. Hay d\u1ec5 hi\u1ec3u t\u1ea5t c\u1ea3 game hi\u1ec7n c\u00f3 tr\u00ean Quest 2 \u0111\u1ec1u c\u00f3 th\u1ec3 s\u1eed d\u1ee5ng \u0111\u01b0\u1ee3c v\u1edbi Meta Quest 3.<\/p>\n<p>N\u1ebfu t\u00e0i kho\u1ea3n c\u1ee7a b\u1ea1n \u0111\u00e3 mua m\u1ed9t s\u1ed1 l\u01b0\u1ee3ng game d\u00f9ng tr\u00ean Quest 2 th\u00ec h\u00e3y y\u00ean t\u00e2m. B\u1ea1n d\u1ec5 d\u00e0ng n\u00e2ng c\u1ea5p v\u00e0 chuy\u1ec3n l\u00ean quest 3 b\u1ea5t c\u1ee9 l\u00fac n\u00e0o.<\/p>\n<p>Ngo\u00e0i ra v\u1edbi nh\u1eefng c\u00f4ng ngh\u1ec7 m\u1edbi \u0111\u01b0\u1ee3c t\u00edch h\u1ee3p v\u00e0o Quest 3. S\u1eafp t\u1edbi s\u1ebd c\u00f3 th\u00eam nhi\u1ec1u t\u1ef1a game thi\u00ean v\u1ec1 VR v\u00e0 MR m\u1edbi th\u00fa v\u1ecb h\u01a1n \u0111\u1ec3 b\u1ea1n c\u00f3 c\u1ea3m gi\u00e1c tr\u1ea3i nghi\u1ec7m nh\u1eadp vai tr\u1ecdn v\u1eb9n nh\u1ea5t khi gia nh\u1eadp th\u1ebf gi\u1edbi th\u1ef1c t\u1ebf \u1ea3o.<\/p>\n<p><img loading=\"lazy\" decoding=\"async\" class=\"alignnone size-medium wp-image-5127\" src=\"https:\/\/skg.vn\/wp-content\/uploads\/2024\/01\/kho-ung-dung-meta-reality-phong-phu-300x225.jpg\" alt=\"\" width=\"300\" height=\"225\" srcset=\"https:\/\/skg.vn\/wp-content\/uploads\/2024\/01\/kho-ung-dung-meta-reality-phong-phu-300x225.jpg 300w, https:\/\/skg.vn\/wp-content\/uploads\/2024\/01\/kho-ung-dung-meta-reality-phong-phu-768x576.jpg 768w, https:\/\/skg.vn\/wp-content\/uploads\/2024\/01\/kho-ung-dung-meta-reality-phong-phu-205x154.jpg 205w, https:\/\/skg.vn\/wp-content\/uploads\/2024\/01\/kho-ung-dung-meta-reality-phong-phu-800x600.jpg 800w, https:\/\/skg.vn\/wp-content\/uploads\/2024\/01\/kho-ung-dung-meta-reality-phong-phu-86x65.jpg 86w, https:\/\/skg.vn\/wp-content\/uploads\/2024\/01\/kho-ung-dung-meta-reality-phong-phu-64x48.jpg 64w, https:\/\/skg.vn\/wp-content\/uploads\/2024\/01\/kho-ung-dung-meta-reality-phong-phu.jpg 900w\" sizes=\"(max-width: 300px) 100vw, 300px\" \/> <img loading=\"lazy\" decoding=\"async\" class=\"alignnone size-medium wp-image-5128\" src=\"https:\/\/skg.vn\/wp-content\/uploads\/2024\/01\/z5102001974411_ce95ce23e17383ee6ae43ad860258391-300x195.jpg\" alt=\"\" width=\"300\" height=\"195\" srcset=\"https:\/\/skg.vn\/wp-content\/uploads\/2024\/01\/z5102001974411_ce95ce23e17383ee6ae43ad860258391-300x195.jpg 300w, https:\/\/skg.vn\/wp-content\/uploads\/2024\/01\/z5102001974411_ce95ce23e17383ee6ae43ad860258391-768x500.jpg 768w, https:\/\/skg.vn\/wp-content\/uploads\/2024\/01\/z5102001974411_ce95ce23e17383ee6ae43ad860258391-220x143.jpg 220w, https:\/\/skg.vn\/wp-content\/uploads\/2024\/01\/z5102001974411_ce95ce23e17383ee6ae43ad860258391-800x521.jpg 800w, https:\/\/skg.vn\/wp-content\/uploads\/2024\/01\/z5102001974411_ce95ce23e17383ee6ae43ad860258391-86x56.jpg 86w, https:\/\/skg.vn\/wp-content\/uploads\/2024\/01\/z5102001974411_ce95ce23e17383ee6ae43ad860258391-64x42.jpg 64w, https:\/\/skg.vn\/wp-content\/uploads\/2024\/01\/z5102001974411_ce95ce23e17383ee6ae43ad860258391.jpg 931w\" sizes=\"(max-width: 300px) 100vw, 300px\" \/><\/p>\n<p>&nbsp;<\/p>\n","protected":false},"excerpt":{"rendered":"<div class=\"product-feature-title\"><strong>\u0110i\u1ec3m n\u1ed5i b\u1eadt c\u1ee7a s\u1ea3n ph\u1ea9m<\/strong><\/div>\n<div class=\"product-feature-content prose\">\n<div class=\"metafield-rich_text_field\">\n<ul>\n<li>D\u00e2y \u0111eo \u0111\u1ea7u \u0111\u01b0\u1ee3c ch\u1ee9ng nh\u1eadn Made for Meta\u2122 ch\u00ednh th\u1ee9c cho Quest 3\/3S.<\/li>\n<li>Thi\u1ebft k\u1ebf v\u1eeba v\u1eb7n nh\u1eb9 \u0111\u01b0\u1ee3c t\u1ed1i \u01b0u h\u00f3a \u0111\u1ec3 ch\u01a1i game VR ch\u1ee7 \u0111\u1ed9ng.<\/li>\n<li>H\u1ec7 th\u1ed1ng pin c\u00f3 th\u1ec3 thay th\u1ebf n\u00f3ng 10.000mAh v\u1edbi s\u1ea1c nhanh 22.5W (Pin d\u00f9ng 3 \u0111\u1ebfn 4 ti\u1ebfng)<\/li>\n<li>Gi\u1eafc c\u1eafm \u00e2m thanh 3.5 mm t\u00edch h\u1ee3p cho k\u1ebft n\u1ed1i \u00e2m thanh linh ho\u1ea1t.<\/li>\n<li>Thi\u1ebft k\u1ebf tho\u1ea3i m\u00e1i cao c\u1ea5p v\u1edbi \u0111\u1ec7m linh ho\u1ea1t v\u00e0 t\u00ednh n\u0103ng \u0111\u1eb7t ph\u1eb3ng.<\/li>\n<\/ul>\n<div class=\"product-feature-title\"><strong>T\u01b0\u01a1ng th\u00edch v\u1edbi:<\/strong><\/div>\n<div class=\"product-feature-content\">Meta Quest 3S<br \/>\nMeta Quest 3<\/div>\n<div>\n<ul>\n<li><strong>ch\u00ednh th\u1ee9c \u0111\u01b0\u1ee3c s\u1ea3n xu\u1ea5t cho Meta<\/strong> D\u00e2y \u0111eo pin E3 Pro Elite, \u0111\u01b0\u1ee3c thi\u1ebft k\u1ebf \u0111\u1eb7c bi\u1ec7t cho Meta Quest 3\/3S.<\/li>\n<li><strong>Thi\u1ebft k\u1ebf \u01b0u t\u00fa cho VR ch\u1ee7 \u0111\u1ed9ng v\u00e0 s\u1eed d\u1ee5ng<\/strong><br \/>\nk\u00e9o d\u00e0i D\u00e2y \u0111eo pin E3 Pro c\u00f3 thi\u1ebft k\u1ebf nh\u1eb9, h\u1ee3p l\u00fd \u0111\u01b0\u1ee3c t\u1ed1i \u01b0u h\u00f3a cho c\u00e1c phi\u00ean VR \u0111ang ho\u1ea1t \u0111\u1ed9ng. T\u00edch h\u1ee3p v\u1edbi h\u1ec7 th\u1ed1ng pin B100 ti\u00ean ti\u1ebfn c\u1ee7a BOBOVR, gi\u00fap c\u1ea3i thi\u1ec7n ph\u00e2n b\u1ed5 tr\u1ecdng l\u01b0\u1ee3ng v\u00e0 t\u1ed1i \u01b0u h\u00f3a m\u1ee9c ti\u00eau th\u1ee5 \u0111i\u1ec7n n\u0103ng.<\/li>\n<li><strong>H\u1ec7 th\u1ed1ng s\u1ea1c nhanh c\u00f3 th\u1ec3 thay th\u1ebf n\u00f3ng BOBOVR B100<\/strong>\u00a0\u0110\u01b0\u1ee3c trang b\u1ecb thi\u1ebft k\u1ebf ho\u00e1n \u0111\u1ed5i n\u00f3ng t\u1eeb t\u00ednh \u0111\u1ed9c quy\u1ec1n c\u1ee7a BOBOVR, h\u1ec7 th\u1ed1ng pin B100 c\u00f3 dung l\u01b0\u1ee3ng 10.000mAh (5000mAh\u00d72).<br \/>\nK\u00e9o d\u00e0i tu\u1ed5i th\u1ecd pin l\u00ean 135% \u0111\u1ed1i v\u1edbi Quest 3 v\u00e0 150% \u0111\u1ed1i v\u1edbi Quest 3S, v\u1edbi c\u00f4ng su\u1ea5t s\u1ea1c nhanh 22,5W. M\u00e0n h\u00ecnh th\u00f4ng minh gi\u00fap b\u1ea1n \u0111\u01b0\u1ee3c th\u00f4ng b\u00e1o v\u1ec1 tr\u1ea1ng th\u00e1i ngu\u1ed3n \u0111i\u1ec7n theo th\u1eddi gian th\u1ef1c. Ch\u1ec9 c\u1ea7n g\u1eafn pin m\u1edbi m\u00e0 kh\u00f4ng c\u1ea7n th\u00e1o tai nghe \u0111\u1ec3 c\u00f3 c\u00e1c phi\u00ean VR kh\u00f4ng b\u1ecb gi\u00e1n \u0111o\u1ea1n.<\/li>\n<li>T\u00edch h\u1ee3p<br \/>\n<strong>\u00e2m thanh n\u00e2ng cao<\/strong>\u00a0T\u00ednh n\u0103ng gi\u1eafc c\u1eafm \u00e2m thanh 3.5 mm t\u00edch h\u1ee3p, cung c\u1ea5p c\u00e1c t\u00f9y ch\u1ecdn k\u1ebft n\u1ed1i \u00e2m thanh linh ho\u1ea1t &#8211; \u0111\u1eb7c bi\u1ec7t c\u00f3 l\u1ee3i cho ng\u01b0\u1eddi d\u00f9ng Quest 3S kh\u00f4ng c\u00f3 c\u1ed5ng 3.5 mm tr\u00ean tai nghe c\u1ee7a h\u1ecd. N\u00e2ng cao tr\u1ea3i nghi\u1ec7m \u00e2m thanh VR c\u1ee7a b\u1ea1n v\u1edbi h\u1ed7 tr\u1ee3 thi\u1ebft b\u1ecb \u00e2m thanh b\u00ean ngo\u00e0i m\u1edf r\u1ed9ng.<\/li>\n<li>Thi\u1ebft k\u1ebf<br \/>\n<strong>tho\u1ea3i m\u00e1i v\u01b0\u1ee3t tr\u1ed9i<\/strong>\u00a0\u0110\u01b0\u1ee3c thi\u1ebft k\u1ebf \u0111\u1ec3 mang l\u1ea1i s\u1ef1 tho\u1ea3i m\u00e1i t\u1ed1i \u0111a v\u1edbi s\u1ef1 h\u1ed7 tr\u1ee3 linh ho\u1ea1t di\u1ec7n t\u00edch l\u1edbn tr\u00ean c\u1ea3 n\u00fam v\u1eb7n v\u00e0 \u0111\u1ec7m ph\u00eda sau. Thi\u1ebft k\u1ebf l\u01b0ng ph\u1eb3ng \u0111\u1ea3m b\u1ea3o s\u1ef1 tho\u1ea3i m\u00e1i ngay c\u1ea3 khi n\u1eb1m, trong khi m\u1eb7t s\u1ed1 c\u00f3 th\u1ec3 \u0111i\u1ec1u ch\u1ec9nh ph\u00f9 h\u1ee3p v\u1edbi nhi\u1ec1u k\u00edch c\u1ee1 \u0111\u1ea7u kh\u00e1c nhau \u0111\u1ec3 \u0111eo \u1ed5n \u0111\u1ecbnh v\u00e0 tho\u1ea3i m\u00e1i trong th\u1eddi gian d\u00e0i.<\/li>\n<\/ul>\n<\/div>\n<\/div>\n<\/div>\n","protected":false},"featured_media":5623,"comment_status":"open","ping_status":"closed","template":"","meta":[],"product_cat":[380,30],"product_tag":[382,381],"class_list":{"0":"post-5121","1":"product","2":"type-product","3":"status-publish","4":"has-post-thumbnail","6":"product_cat-meta-quest","7":"product_cat-kinh-thuc-te-ao-vr-ar","8":"product_tag-kinh-thuc-te-ao","9":"product_tag-meta-quest","11":"first","12":"instock","13":"shipping-taxable","14":"purchasable","15":"product-type-simple"},"_links":{"self":[{"href":"https:\/\/skg.vn\/index.php?rest_route=\/wp\/v2\/product\/5121","targetHints":{"allow":["GET"]}}],"collection":[{"href":"https:\/\/skg.vn\/index.php?rest_route=\/wp\/v2\/product"}],"about":[{"href":"https:\/\/skg.vn\/index.php?rest_route=\/wp\/v2\/types\/product"}],"replies":[{"embeddable":true,"href":"https:\/\/skg.vn\/index.php?rest_route=%2Fwp%2Fv2%2Fcomments&post=5121"}],"version-history":[{"count":2,"href":"https:\/\/skg.vn\/index.php?rest_route=\/wp\/v2\/product\/5121\/revisions"}],"predecessor-version":[{"id":5635,"href":"https:\/\/skg.vn\/index.php?rest_route=\/wp\/v2\/product\/5121\/revisions\/5635"}],"wp:featuredmedia":[{"embeddable":true,"href":"https:\/\/skg.vn\/index.php?rest_route=\/wp\/v2\/media\/5623"}],"wp:attachment":[{"href":"https:\/\/skg.vn\/index.php?rest_route=%2Fwp%2Fv2%2Fmedia&parent=5121"}],"wp:term":[{"taxonomy":"product_cat","embeddable":true,"href":"https:\/\/skg.vn\/index.php?rest_route=%2Fwp%2Fv2%2Fproduct_cat&post=5121"},{"taxonomy":"product_tag","embeddable":true,"href":"https:\/\/skg.vn\/index.php?rest_route=%2Fwp%2Fv2%2Fproduct_tag&post=5121"}],"curies":[{"name":"wp","href":"https:\/\/api.w.org\/{rel}","templated":true}]}}