{"id":2514,"date":"2021-08-25T08:56:11","date_gmt":"2021-08-25T08:56:11","guid":{"rendered":"https:\/\/kuteshop.kutethemes.net\/?post_type=product&#038;p=2514"},"modified":"2025-01-04T12:11:50","modified_gmt":"2025-01-04T05:11:50","slug":"patchouli-vetiver-perfume","status":"publish","type":"product","link":"https:\/\/skg.vn\/?product=patchouli-vetiver-perfume","title":{"rendered":"Cho Thu\u00ea Tivi"},"content":{"rendered":"<p><img fetchpriority=\"high\" decoding=\"async\" class=\"alignnone size-medium wp-image-5406\" src=\"https:\/\/skg.vn\/wp-content\/uploads\/2021\/08\/z5241750802017_7e4b07ea25e8f3527527e8a41a2af0cc-300x226.jpg\" alt=\"\" width=\"300\" height=\"226\" srcset=\"https:\/\/skg.vn\/wp-content\/uploads\/2021\/08\/z5241750802017_7e4b07ea25e8f3527527e8a41a2af0cc-300x226.jpg 300w, https:\/\/skg.vn\/wp-content\/uploads\/2021\/08\/z5241750802017_7e4b07ea25e8f3527527e8a41a2af0cc-1024x770.jpg 1024w, https:\/\/skg.vn\/wp-content\/uploads\/2021\/08\/z5241750802017_7e4b07ea25e8f3527527e8a41a2af0cc-768x578.jpg 768w, https:\/\/skg.vn\/wp-content\/uploads\/2021\/08\/z5241750802017_7e4b07ea25e8f3527527e8a41a2af0cc-205x154.jpg 205w, https:\/\/skg.vn\/wp-content\/uploads\/2021\/08\/z5241750802017_7e4b07ea25e8f3527527e8a41a2af0cc-800x602.jpg 800w, https:\/\/skg.vn\/wp-content\/uploads\/2021\/08\/z5241750802017_7e4b07ea25e8f3527527e8a41a2af0cc-86x65.jpg 86w, https:\/\/skg.vn\/wp-content\/uploads\/2021\/08\/z5241750802017_7e4b07ea25e8f3527527e8a41a2af0cc-64x48.jpg 64w, https:\/\/skg.vn\/wp-content\/uploads\/2021\/08\/z5241750802017_7e4b07ea25e8f3527527e8a41a2af0cc.jpg 1280w\" sizes=\"(max-width: 300px) 100vw, 300px\" \/> <img decoding=\"async\" class=\"alignnone size-medium wp-image-5407\" src=\"https:\/\/skg.vn\/wp-content\/uploads\/2021\/08\/z5241751087454_39892856eda8f7b35736e796ad9fd649-300x225.jpg\" alt=\"\" width=\"300\" height=\"225\" srcset=\"https:\/\/skg.vn\/wp-content\/uploads\/2021\/08\/z5241751087454_39892856eda8f7b35736e796ad9fd649-300x225.jpg 300w, https:\/\/skg.vn\/wp-content\/uploads\/2021\/08\/z5241751087454_39892856eda8f7b35736e796ad9fd649-1024x767.jpg 1024w, https:\/\/skg.vn\/wp-content\/uploads\/2021\/08\/z5241751087454_39892856eda8f7b35736e796ad9fd649-768x575.jpg 768w, https:\/\/skg.vn\/wp-content\/uploads\/2021\/08\/z5241751087454_39892856eda8f7b35736e796ad9fd649-206x154.jpg 206w, https:\/\/skg.vn\/wp-content\/uploads\/2021\/08\/z5241751087454_39892856eda8f7b35736e796ad9fd649-800x599.jpg 800w, https:\/\/skg.vn\/wp-content\/uploads\/2021\/08\/z5241751087454_39892856eda8f7b35736e796ad9fd649-86x64.jpg 86w, https:\/\/skg.vn\/wp-content\/uploads\/2021\/08\/z5241751087454_39892856eda8f7b35736e796ad9fd649-64x48.jpg 64w, https:\/\/skg.vn\/wp-content\/uploads\/2021\/08\/z5241751087454_39892856eda8f7b35736e796ad9fd649.jpg 1276w\" sizes=\"(max-width: 300px) 100vw, 300px\" \/> <img decoding=\"async\" class=\"alignnone size-medium wp-image-5408\" src=\"https:\/\/skg.vn\/wp-content\/uploads\/2021\/08\/z5241751569683_6caf7308a05d5172a02a99f43951a6f9-300x225.jpg\" alt=\"\" width=\"300\" height=\"225\" srcset=\"https:\/\/skg.vn\/wp-content\/uploads\/2021\/08\/z5241751569683_6caf7308a05d5172a02a99f43951a6f9-300x225.jpg 300w, https:\/\/skg.vn\/wp-content\/uploads\/2021\/08\/z5241751569683_6caf7308a05d5172a02a99f43951a6f9-1024x767.jpg 1024w, https:\/\/skg.vn\/wp-content\/uploads\/2021\/08\/z5241751569683_6caf7308a05d5172a02a99f43951a6f9-768x575.jpg 768w, https:\/\/skg.vn\/wp-content\/uploads\/2021\/08\/z5241751569683_6caf7308a05d5172a02a99f43951a6f9-206x154.jpg 206w, https:\/\/skg.vn\/wp-content\/uploads\/2021\/08\/z5241751569683_6caf7308a05d5172a02a99f43951a6f9-800x599.jpg 800w, https:\/\/skg.vn\/wp-content\/uploads\/2021\/08\/z5241751569683_6caf7308a05d5172a02a99f43951a6f9-86x64.jpg 86w, https:\/\/skg.vn\/wp-content\/uploads\/2021\/08\/z5241751569683_6caf7308a05d5172a02a99f43951a6f9-64x48.jpg 64w, https:\/\/skg.vn\/wp-content\/uploads\/2021\/08\/z5241751569683_6caf7308a05d5172a02a99f43951a6f9.jpg 1276w\" sizes=\"(max-width: 300px) 100vw, 300px\" \/> <img loading=\"lazy\" decoding=\"async\" class=\"alignnone size-medium wp-image-5409\" src=\"https:\/\/skg.vn\/wp-content\/uploads\/2021\/08\/z5241751893864_1ba44eaf6cf5955112572734e10dadaa-229x300.jpg\" alt=\"\" width=\"229\" height=\"300\" srcset=\"https:\/\/skg.vn\/wp-content\/uploads\/2021\/08\/z5241751893864_1ba44eaf6cf5955112572734e10dadaa-229x300.jpg 229w, https:\/\/skg.vn\/wp-content\/uploads\/2021\/08\/z5241751893864_1ba44eaf6cf5955112572734e10dadaa-118x154.jpg 118w, https:\/\/skg.vn\/wp-content\/uploads\/2021\/08\/z5241751893864_1ba44eaf6cf5955112572734e10dadaa-86x112.jpg 86w, https:\/\/skg.vn\/wp-content\/uploads\/2021\/08\/z5241751893864_1ba44eaf6cf5955112572734e10dadaa-64x84.jpg 64w, https:\/\/skg.vn\/wp-content\/uploads\/2021\/08\/z5241751893864_1ba44eaf6cf5955112572734e10dadaa.jpg 750w\" sizes=\"(max-width: 229px) 100vw, 229px\" \/> <img loading=\"lazy\" decoding=\"async\" class=\"alignnone size-medium wp-image-5410\" src=\"https:\/\/skg.vn\/wp-content\/uploads\/2021\/08\/z5241752145810_30e3bceed26fa6c7bc46e78601294e2a-225x300.jpg\" alt=\"\" width=\"225\" height=\"300\" srcset=\"https:\/\/skg.vn\/wp-content\/uploads\/2021\/08\/z5241752145810_30e3bceed26fa6c7bc46e78601294e2a-225x300.jpg 225w, https:\/\/skg.vn\/wp-content\/uploads\/2021\/08\/z5241752145810_30e3bceed26fa6c7bc46e78601294e2a-768x1024.jpg 768w, https:\/\/skg.vn\/wp-content\/uploads\/2021\/08\/z5241752145810_30e3bceed26fa6c7bc46e78601294e2a-116x154.jpg 116w, https:\/\/skg.vn\/wp-content\/uploads\/2021\/08\/z5241752145810_30e3bceed26fa6c7bc46e78601294e2a-800x1067.jpg 800w, https:\/\/skg.vn\/wp-content\/uploads\/2021\/08\/z5241752145810_30e3bceed26fa6c7bc46e78601294e2a-86x115.jpg 86w, https:\/\/skg.vn\/wp-content\/uploads\/2021\/08\/z5241752145810_30e3bceed26fa6c7bc46e78601294e2a-64x85.jpg 64w, https:\/\/skg.vn\/wp-content\/uploads\/2021\/08\/z5241752145810_30e3bceed26fa6c7bc46e78601294e2a.jpg 960w\" sizes=\"(max-width: 225px) 100vw, 225px\" \/> <img loading=\"lazy\" decoding=\"async\" class=\"alignnone size-medium wp-image-5411\" src=\"https:\/\/skg.vn\/wp-content\/uploads\/2021\/08\/z5241752904431_df0091e6a79d5c3c5b61d39f47bb969c-225x300.jpg\" alt=\"\" width=\"225\" height=\"300\" srcset=\"https:\/\/skg.vn\/wp-content\/uploads\/2021\/08\/z5241752904431_df0091e6a79d5c3c5b61d39f47bb969c-225x300.jpg 225w, https:\/\/skg.vn\/wp-content\/uploads\/2021\/08\/z5241752904431_df0091e6a79d5c3c5b61d39f47bb969c-768x1024.jpg 768w, https:\/\/skg.vn\/wp-content\/uploads\/2021\/08\/z5241752904431_df0091e6a79d5c3c5b61d39f47bb969c-1152x1536.jpg 1152w, https:\/\/skg.vn\/wp-content\/uploads\/2021\/08\/z5241752904431_df0091e6a79d5c3c5b61d39f47bb969c-116x154.jpg 116w, https:\/\/skg.vn\/wp-content\/uploads\/2021\/08\/z5241752904431_df0091e6a79d5c3c5b61d39f47bb969c-800x1067.jpg 800w, https:\/\/skg.vn\/wp-content\/uploads\/2021\/08\/z5241752904431_df0091e6a79d5c3c5b61d39f47bb969c-86x115.jpg 86w, https:\/\/skg.vn\/wp-content\/uploads\/2021\/08\/z5241752904431_df0091e6a79d5c3c5b61d39f47bb969c-64x85.jpg 64w, https:\/\/skg.vn\/wp-content\/uploads\/2021\/08\/z5241752904431_df0091e6a79d5c3c5b61d39f47bb969c.jpg 1536w\" sizes=\"(max-width: 225px) 100vw, 225px\" \/> <img loading=\"lazy\" decoding=\"async\" class=\"alignnone size-medium wp-image-5412\" src=\"https:\/\/skg.vn\/wp-content\/uploads\/2021\/08\/z5241753977371_e95034745aa24a1fc865f8be823362bd-225x300.jpg\" alt=\"\" width=\"225\" height=\"300\" srcset=\"https:\/\/skg.vn\/wp-content\/uploads\/2021\/08\/z5241753977371_e95034745aa24a1fc865f8be823362bd-225x300.jpg 225w, https:\/\/skg.vn\/wp-content\/uploads\/2021\/08\/z5241753977371_e95034745aa24a1fc865f8be823362bd-767x1024.jpg 767w, https:\/\/skg.vn\/wp-content\/uploads\/2021\/08\/z5241753977371_e95034745aa24a1fc865f8be823362bd-768x1025.jpg 768w, https:\/\/skg.vn\/wp-content\/uploads\/2021\/08\/z5241753977371_e95034745aa24a1fc865f8be823362bd-115x154.jpg 115w, https:\/\/skg.vn\/wp-content\/uploads\/2021\/08\/z5241753977371_e95034745aa24a1fc865f8be823362bd-800x1068.jpg 800w, https:\/\/skg.vn\/wp-content\/uploads\/2021\/08\/z5241753977371_e95034745aa24a1fc865f8be823362bd-86x115.jpg 86w, https:\/\/skg.vn\/wp-content\/uploads\/2021\/08\/z5241753977371_e95034745aa24a1fc865f8be823362bd-64x85.jpg 64w, https:\/\/skg.vn\/wp-content\/uploads\/2021\/08\/z5241753977371_e95034745aa24a1fc865f8be823362bd.jpg 956w\" sizes=\"(max-width: 225px) 100vw, 225px\" \/> <img loading=\"lazy\" decoding=\"async\" class=\"alignnone size-medium wp-image-5413\" src=\"https:\/\/skg.vn\/wp-content\/uploads\/2021\/08\/z5241754258995_4e8b63137af32cc9b4fbb41f1ad181b4-300x146.jpg\" alt=\"\" width=\"300\" height=\"146\" srcset=\"https:\/\/skg.vn\/wp-content\/uploads\/2021\/08\/z5241754258995_4e8b63137af32cc9b4fbb41f1ad181b4-300x146.jpg 300w, https:\/\/skg.vn\/wp-content\/uploads\/2021\/08\/z5241754258995_4e8b63137af32cc9b4fbb41f1ad181b4-1024x498.jpg 1024w, https:\/\/skg.vn\/wp-content\/uploads\/2021\/08\/z5241754258995_4e8b63137af32cc9b4fbb41f1ad181b4-768x373.jpg 768w, https:\/\/skg.vn\/wp-content\/uploads\/2021\/08\/z5241754258995_4e8b63137af32cc9b4fbb41f1ad181b4-220x107.jpg 220w, https:\/\/skg.vn\/wp-content\/uploads\/2021\/08\/z5241754258995_4e8b63137af32cc9b4fbb41f1ad181b4-800x389.jpg 800w, https:\/\/skg.vn\/wp-content\/uploads\/2021\/08\/z5241754258995_4e8b63137af32cc9b4fbb41f1ad181b4-86x42.jpg 86w, https:\/\/skg.vn\/wp-content\/uploads\/2021\/08\/z5241754258995_4e8b63137af32cc9b4fbb41f1ad181b4-64x31.jpg 64w, https:\/\/skg.vn\/wp-content\/uploads\/2021\/08\/z5241754258995_4e8b63137af32cc9b4fbb41f1ad181b4.jpg 1280w\" sizes=\"(max-width: 300px) 100vw, 300px\" \/> <img loading=\"lazy\" decoding=\"async\" class=\"alignnone size-medium wp-image-5414\" src=\"https:\/\/skg.vn\/wp-content\/uploads\/2021\/08\/z5241754513524_3a758b03182d65c088bed854dd314ff8-300x148.jpg\" alt=\"\" width=\"300\" height=\"148\" srcset=\"https:\/\/skg.vn\/wp-content\/uploads\/2021\/08\/z5241754513524_3a758b03182d65c088bed854dd314ff8-300x148.jpg 300w, https:\/\/skg.vn\/wp-content\/uploads\/2021\/08\/z5241754513524_3a758b03182d65c088bed854dd314ff8-1024x504.jpg 1024w, https:\/\/skg.vn\/wp-content\/uploads\/2021\/08\/z5241754513524_3a758b03182d65c088bed854dd314ff8-768x378.jpg 768w, https:\/\/skg.vn\/wp-content\/uploads\/2021\/08\/z5241754513524_3a758b03182d65c088bed854dd314ff8-220x108.jpg 220w, https:\/\/skg.vn\/wp-content\/uploads\/2021\/08\/z5241754513524_3a758b03182d65c088bed854dd314ff8-800x394.jpg 800w, https:\/\/skg.vn\/wp-content\/uploads\/2021\/08\/z5241754513524_3a758b03182d65c088bed854dd314ff8-86x42.jpg 86w, https:\/\/skg.vn\/wp-content\/uploads\/2021\/08\/z5241754513524_3a758b03182d65c088bed854dd314ff8-64x32.jpg 64w, https:\/\/skg.vn\/wp-content\/uploads\/2021\/08\/z5241754513524_3a758b03182d65c088bed854dd314ff8.jpg 1280w\" sizes=\"(max-width: 300px) 100vw, 300px\" \/> <img loading=\"lazy\" decoding=\"async\" class=\"alignnone size-medium wp-image-5415\" src=\"https:\/\/skg.vn\/wp-content\/uploads\/2021\/08\/z5241755166624_515d2e613eef3e9a88bfdc9fd8c8e351-300x138.jpg\" alt=\"\" width=\"300\" height=\"138\" srcset=\"https:\/\/skg.vn\/wp-content\/uploads\/2021\/08\/z5241755166624_515d2e613eef3e9a88bfdc9fd8c8e351-300x138.jpg 300w, https:\/\/skg.vn\/wp-content\/uploads\/2021\/08\/z5241755166624_515d2e613eef3e9a88bfdc9fd8c8e351-1024x473.jpg 1024w, https:\/\/skg.vn\/wp-content\/uploads\/2021\/08\/z5241755166624_515d2e613eef3e9a88bfdc9fd8c8e351-768x355.jpg 768w, https:\/\/skg.vn\/wp-content\/uploads\/2021\/08\/z5241755166624_515d2e613eef3e9a88bfdc9fd8c8e351-220x102.jpg 220w, https:\/\/skg.vn\/wp-content\/uploads\/2021\/08\/z5241755166624_515d2e613eef3e9a88bfdc9fd8c8e351-800x369.jpg 800w, https:\/\/skg.vn\/wp-content\/uploads\/2021\/08\/z5241755166624_515d2e613eef3e9a88bfdc9fd8c8e351-86x40.jpg 86w, https:\/\/skg.vn\/wp-content\/uploads\/2021\/08\/z5241755166624_515d2e613eef3e9a88bfdc9fd8c8e351-64x30.jpg 64w, https:\/\/skg.vn\/wp-content\/uploads\/2021\/08\/z5241755166624_515d2e613eef3e9a88bfdc9fd8c8e351.jpg 1120w\" sizes=\"(max-width: 300px) 100vw, 300px\" \/> <img loading=\"lazy\" decoding=\"async\" class=\"alignnone size-medium wp-image-5416\" src=\"https:\/\/skg.vn\/wp-content\/uploads\/2021\/08\/z5241755837453_0b6d2e3633dac9a9b4bb28ae99166421-225x300.jpg\" alt=\"\" width=\"225\" height=\"300\" srcset=\"https:\/\/skg.vn\/wp-content\/uploads\/2021\/08\/z5241755837453_0b6d2e3633dac9a9b4bb28ae99166421-225x300.jpg 225w, https:\/\/skg.vn\/wp-content\/uploads\/2021\/08\/z5241755837453_0b6d2e3633dac9a9b4bb28ae99166421-768x1024.jpg 768w, https:\/\/skg.vn\/wp-content\/uploads\/2021\/08\/z5241755837453_0b6d2e3633dac9a9b4bb28ae99166421-116x154.jpg 116w, https:\/\/skg.vn\/wp-content\/uploads\/2021\/08\/z5241755837453_0b6d2e3633dac9a9b4bb28ae99166421-800x1067.jpg 800w, https:\/\/skg.vn\/wp-content\/uploads\/2021\/08\/z5241755837453_0b6d2e3633dac9a9b4bb28ae99166421-86x115.jpg 86w, https:\/\/skg.vn\/wp-content\/uploads\/2021\/08\/z5241755837453_0b6d2e3633dac9a9b4bb28ae99166421-64x85.jpg 64w, https:\/\/skg.vn\/wp-content\/uploads\/2021\/08\/z5241755837453_0b6d2e3633dac9a9b4bb28ae99166421.jpg 960w\" sizes=\"(max-width: 225px) 100vw, 225px\" \/><\/p>\n","protected":false},"excerpt":{"rendered":"<p>Cho thu\u00ea Tivi (c\u1ea3m \u1ee9ng) c\u00f3 k\u00edch th\u01b0\u1edbc 32 inch, 43 inch, 49 inch, 55 inch, 60 inch, 65inch, 70 inch.<\/p>\n<p>Ngo\u00e0i ra \u00a0c\u00f2n cho thu\u00ea:<\/p>\n<ul>\n<li>M\u00e0n h\u00ecnh c\u1ea3m \u1ee9ng nguy\u00ean kh\u1ed1i android<\/li>\n<li>M\u00e0n h\u00ecnh c\u1ea3m \u1ee9ng nguy\u00ean kh\u1ed1i window<\/li>\n<li>M\u00e0n h\u00ecnh c\u1ea3m \u1ee9ng ch\u00e2n qu\u1ef3<\/li>\n<li>Sandee c\u1ea3m \u1ee9ng<\/li>\n<li>M\u00e0n h\u00ecnh t\u01b0\u01a1ng t\u00e1c<\/li>\n<\/ul>\n<p>&nbsp;<\/p>\n<h1 class=\"h3 fw-bold title\">H\u01b0\u1edbng d\u1eabn quy tr\u00ecnh thu\u00ea.<\/h1>\n<ul>\n<li>Kh\u00e1ch thanh to\u00e1n\u00a0<strong>ti\u1ec1n thu\u00ea<\/strong>\u00a0+ c\u1ecdc\u00a0<strong>ti\u1ec1n th\u1ebft b\u1ecb\u00a0<\/strong><\/li>\n<li>Ch\u00fang t\u00f4i s\u1ebd x\u00e1c minh gi\u1ea5y t\u1edd, th\u00f4ng tin c\u00e1 nh\u00e2n<\/li>\n<li>Nh\u1eadn h\u00e0ng tr\u1ef1c ti\u1ebfp t\u1ea1i shop ho\u1eb7c t\u1ea1i \u0111\u1ecba ch\u1ec9 kh\u00e1ch cung c\u1ea5p<\/li>\n<li>Ho\u00e0n c\u1ecdc sau khi tr\u1ea3 m\u00e1y, t\u1ed1i \u0111a trong tu\u1ea7n l\u00e0m vi\u1ec7c.<\/li>\n<\/ul>\n","protected":false},"featured_media":5412,"comment_status":"open","ping_status":"closed","template":"","meta":[],"product_cat":[149,187,201],"product_tag":[],"class_list":{"0":"post-2514","1":"product","2":"type-product","3":"status-publish","4":"has-post-thumbnail","6":"product_cat-appliances","7":"product_cat-cho-thue-thiet-bi","8":"product_cat-phu-kien","9":"product_brand-chanel","10":"product_brand-gucci","12":"first","13":"instock","14":"shipping-taxable","15":"purchasable","16":"product-type-simple"},"_links":{"self":[{"href":"https:\/\/skg.vn\/index.php?rest_route=\/wp\/v2\/product\/2514","targetHints":{"allow":["GET"]}}],"collection":[{"href":"https:\/\/skg.vn\/index.php?rest_route=\/wp\/v2\/product"}],"about":[{"href":"https:\/\/skg.vn\/index.php?rest_route=\/wp\/v2\/types\/product"}],"replies":[{"embeddable":true,"href":"https:\/\/skg.vn\/index.php?rest_route=%2Fwp%2Fv2%2Fcomments&post=2514"}],"version-history":[{"count":1,"href":"https:\/\/skg.vn\/index.php?rest_route=\/wp\/v2\/product\/2514\/revisions"}],"predecessor-version":[{"id":5547,"href":"https:\/\/skg.vn\/index.php?rest_route=\/wp\/v2\/product\/2514\/revisions\/5547"}],"wp:featuredmedia":[{"embeddable":true,"href":"https:\/\/skg.vn\/index.php?rest_route=\/wp\/v2\/media\/5412"}],"wp:attachment":[{"href":"https:\/\/skg.vn\/index.php?rest_route=%2Fwp%2Fv2%2Fmedia&parent=2514"}],"wp:term":[{"taxonomy":"product_cat","embeddable":true,"href":"https:\/\/skg.vn\/index.php?rest_route=%2Fwp%2Fv2%2Fproduct_cat&post=2514"},{"taxonomy":"product_tag","embeddable":true,"href":"https:\/\/skg.vn\/index.php?rest_route=%2Fwp%2Fv2%2Fproduct_tag&post=2514"}],"curies":[{"name":"wp","href":"https:\/\/api.w.org\/{rel}","templated":true}]}}