{"id":2513,"date":"2021-08-25T08:53:44","date_gmt":"2021-08-25T08:53:44","guid":{"rendered":"https:\/\/kuteshop.kutethemes.net\/?post_type=product&#038;p=2513"},"modified":"2026-03-18T21:19:40","modified_gmt":"2026-03-18T14:19:40","slug":"golden-creative-ring","status":"publish","type":"product","link":"https:\/\/skg.vn\/?product=golden-creative-ring","title":{"rendered":"Cho thu\u00ea K\u00ednh VR \u0110\u1ed9c L\u1eadp Meta Quest 3"},"content":{"rendered":"<h1 class=\"block_cen_tit\">K\u00ednh VR \u0110\u1ed9c L\u1eadp Meta Quest 3<\/h1>\n<div class=\"ct_tomtat\">\u2611\u00a0K\u00ednh th\u1ef1c t\u1ebf \u1ea3o Meta Quest 3<br \/>\n\u2611\u00a0\u0110\u1ed9 ph\u00e2n gi\u1ea3i (m\u1ed7i m\u1eaft) 2064\u00d72208 LCD<br \/>\n\u2611\u00a0Th\u1ea5u k\u00ednh: Pancake<br \/>\n\u2611\u00a0T\u1ea7n s\u1ed1 qu\u00e9t: 120Hz<br \/>\n\u2611\u00a0CPU: Snapdragon XR2 Gen 2<br \/>\n\u2611\u00a0RAM: 8GB<br \/>\n\u2611\u00a0Th\u1eddi l\u01b0\u1ee3ng PIN: T\u1ed1i \u0111a 3 ti\u1ebfng (T\u00f9y \u1ee9ng d\u1ee5ng)<br \/>\n\u2611\u00a0Th\u1eddi gian s\u1ea1c \u0111\u1ea7y: 02 ti\u1ebfng<br \/>\n\u2611\u00a0C\u00e1c m\u1ee9c \u0111i\u1ec1u ch\u1ec9nh IPD: \u0110ang c\u1eadp nh\u1eadt<br \/>\n\u2611\u00a0Tr\u1ecdng l\u01b0\u1ee3ng 509g<br \/>\n\u2611\u00a0C\u00e1c phi\u00ean b\u1ea3n b\u1ed9 nh\u1edb: 128GB ho\u1eb7c 512GB<br \/>\n\u2611\u00a0K\u1ebft n\u1ed1i: Wifi 6e; Bluetooth 5.2; USB-C (k\u1ebft n\u1ed1i Oculus link)<br \/>\n\u2611\u00a0Loa: T\u00edch h\u1ee3p tr\u00ean k\u00ednh<br \/>\n\u2611\u00a0Micro: T\u00edch h\u1ee3p tr\u00ean k\u00ednh<\/div>\n","protected":false},"excerpt":{"rendered":"<p>K\u00ednh th\u1ef1c t\u1ebf \u1ea3o Meta <strong>Quest 3<\/strong>\u00a0c\u00f3 th\u1ec3 ho\u1ea1t \u0111\u1ed9ng \u0111\u1ed9c l\u1eadp m\u00e0 kh\u00f4ng c\u1ea7n k\u1ebft n\u1ed1i v\u1edbi \u0111i\u1ec7n tho\u1ea1i ho\u1eb7c m\u00e1y t\u00ednh.<\/p>\n<h1 class=\"h3 fw-bold title\">H\u01b0\u1edbng d\u1eabn quy tr\u00ecnh thu\u00ea.<\/h1>\n<ul>\n<li>Kh\u00e1ch thanh to\u00e1n\u00a0<strong>ti\u1ec1n thu\u00ea<\/strong>\u00a0+ c\u1ecdc\u00a0<strong>ti\u1ec1n th\u1ebft b\u1ecb\u00a0<\/strong><\/li>\n<li>Ch\u00fang t\u00f4i s\u1ebd x\u00e1c minh gi\u1ea5y t\u1edd, th\u00f4ng tin c\u00e1 nh\u00e2n<\/li>\n<li>Nh\u1eadn h\u00e0ng tr\u1ef1c ti\u1ebfp t\u1ea1i shop ho\u1eb7c t\u1ea1i \u0111\u1ecba ch\u1ec9 kh\u00e1ch cung c\u1ea5p<\/li>\n<li>Ho\u00e0n c\u1ecdc sau khi tr\u1ea3 m\u00e1y, t\u1ed1i \u0111a trong tu\u1ea7n l\u00e0m v\u1ec7c.<\/li>\n<\/ul>\n","protected":false},"featured_media":5128,"comment_status":"open","ping_status":"closed","template":"","meta":[],"product_cat":[187,30,380],"product_tag":[312],"class_list":{"0":"post-2513","1":"product","2":"type-product","3":"status-publish","4":"has-post-thumbnail","6":"product_cat-cho-thue-thiet-bi","7":"product_cat-kinh-thuc-te-ao-vr-ar","8":"product_cat-meta-quest","9":"product_tag-market","11":"first","12":"instock","13":"shipping-taxable","14":"purchasable","15":"product-type-simple"},"_links":{"self":[{"href":"https:\/\/skg.vn\/index.php?rest_route=\/wp\/v2\/product\/2513","targetHints":{"allow":["GET"]}}],"collection":[{"href":"https:\/\/skg.vn\/index.php?rest_route=\/wp\/v2\/product"}],"about":[{"href":"https:\/\/skg.vn\/index.php?rest_route=\/wp\/v2\/types\/product"}],"replies":[{"embeddable":true,"href":"https:\/\/skg.vn\/index.php?rest_route=%2Fwp%2Fv2%2Fcomments&post=2513"}],"version-history":[{"count":1,"href":"https:\/\/skg.vn\/index.php?rest_route=\/wp\/v2\/product\/2513\/revisions"}],"predecessor-version":[{"id":5544,"href":"https:\/\/skg.vn\/index.php?rest_route=\/wp\/v2\/product\/2513\/revisions\/5544"}],"wp:featuredmedia":[{"embeddable":true,"href":"https:\/\/skg.vn\/index.php?rest_route=\/wp\/v2\/media\/5128"}],"wp:attachment":[{"href":"https:\/\/skg.vn\/index.php?rest_route=%2Fwp%2Fv2%2Fmedia&parent=2513"}],"wp:term":[{"taxonomy":"product_cat","embeddable":true,"href":"https:\/\/skg.vn\/index.php?rest_route=%2Fwp%2Fv2%2Fproduct_cat&post=2513"},{"taxonomy":"product_tag","embeddable":true,"href":"https:\/\/skg.vn\/index.php?rest_route=%2Fwp%2Fv2%2Fproduct_tag&post=2513"}],"curies":[{"name":"wp","href":"https:\/\/api.w.org\/{rel}","templated":true}]}}