{"id":2479,"date":"2021-08-25T08:02:49","date_gmt":"2021-08-25T08:02:49","guid":{"rendered":"https:\/\/kuteshop.kutethemes.net\/?post_type=product&#038;p=2479"},"modified":"2026-03-18T21:17:19","modified_gmt":"2026-03-18T14:17:19","slug":"beautiful-dresses-party","status":"publish","type":"product","link":"https:\/\/skg.vn\/?product=beautiful-dresses-party","title":{"rendered":"Meta Quest 2 256GB (Oculus Quest 2 &#8211; 256GB)"},"content":{"rendered":"<ul>\n<li>\n<h2><strong>C\u1ea5u h\u00ecnh k\u00ednh th\u1ef1c t\u1ebf \u1ea3o Meta Quest 2.<\/strong><\/h2>\n<table>\n<tbody>\n<tr>\n<td>\u0110\u1ed9 ph\u00e2n gi\u1ea3i (m\u1ed7i m\u1eaft)<\/td>\n<td>1,832 \u00d7 1,920 LCD<\/td>\n<\/tr>\n<tr>\n<td>T\u1ed1c \u0111\u1ed9 l\u00e0m t\u01b0\u01a1i<\/td>\n<td>90Hz<\/td>\n<\/tr>\n<tr>\n<td>CPU<\/td>\n<td>Snapdragon XR2<\/td>\n<\/tr>\n<tr>\n<td>RAM<\/td>\n<td>6GB<\/td>\n<\/tr>\n<tr>\n<td>Th\u1eddi l\u01b0\u1ee3ng PIN<\/td>\n<td>2\u20133 hours<\/td>\n<\/tr>\n<tr>\n<td>C\u00e1c m\u1ee9c \u0111i\u1ec1u ch\u1ec9nh IPD<\/td>\n<td>58mm, 63mm, 68mm<\/td>\n<\/tr>\n<tr>\n<td>Tr\u1ecdng l\u01b0\u1ee3ng<\/td>\n<td>503g<\/td>\n<\/tr>\n<tr>\n<td>Dung l\u01b0\u1ee3ng b\u1ed9 nh\u1edb<\/td>\n<td>64GB<\/td>\n<\/tr>\n<tr>\n<td>C\u1ed5ng k\u1ebft n\u1ed1i<\/td>\n<td>USB-C (s\u1ea1c v\u00e0 k\u1ebft n\u1ed1i Oculus Link)<br \/>\nC\u1ed5ng tai nghe jack 3.5mm<\/td>\n<\/tr>\n<tr>\n<td>K\u1ebft n\u1ed1i kh\u00f4ng d\u00e2y<\/td>\n<td>K\u1ebft n\u1ed1i wifi chu\u1ea9n AC 5Ghz<\/td>\n<\/tr>\n<tr>\n<td>Micro<\/td>\n<td>T\u00edch h\u1ee3p s\u1eb5n<\/td>\n<\/tr>\n<tr>\n<td>Loa<\/td>\n<td>T\u00edch h\u1ee3p s\u1eb5n<\/td>\n<\/tr>\n<\/tbody>\n<\/table>\n<h2><strong>Hi\u1ec7u n\u0103ng<\/strong><\/h2>\n<p>Meta Quest 2 l\u00e0 m\u1ed9t k\u00ednh th\u1ef1c t\u1ebf \u1ea3o ho\u1ea1t \u0111\u1ed9ng \u0111\u1ed9c l\u1eadp (standalone VR) kh\u00f4ng c\u1ea7n \u0111i\u1ec7n tho\u1ea1i hay PC \u0111i k\u00e8m. \u0110\u01b0\u1ee3c trang b\u1ecb CPU Qualcomm Snapdragon XR2, RAM 6GB, Quest 2 c\u00f3 \u0111\u1ed9 ph\u00e2n gi\u1ea3i 1832 x 1920 \u0111\u01b0\u1ee3c n\u00e2ng c\u1ea5p \u0111\u00e1ng k\u1ec3 nhi\u1ec1u h\u01a1n 50% pixel so v\u1edbi Quest 1.<br \/>\nTh\u1eddi l\u01b0\u1ee3ng Pin c\u0169ng \u0111\u01b0\u1ee3c c\u1ea3i thi\u1ec7n h\u01a1n so v\u1edbi Oculus Quest th\u1ebf h\u1ec7 \u0111\u1ea7u ti\u00ean gi\u00fap th\u1eddi gian s\u1eed d\u1ee5ng c\u0169ng nh\u01b0 tu\u1ed5i th\u1ecd PIN cao h\u01a1n. Thi\u1ebft k\u1ebf c\u00f4ng th\u00e1i h\u1ecdc Oculus Quest ch\u1ec9 c\u00f3 tr\u1ecdng l\u01b0\u1ee3ng 503g, nh\u1eb9 h\u01a1n 70g so v\u1edbi phi\u00ean b\u1ea3n tr\u01b0\u1edbc \u0111\u00f3.<br \/>\nOculus Quest 2 s\u1eed d\u1ee5ng m\u00e0n h\u00ecnh LCD \u0111\u01a1n, t\u1ea7n s\u1ed1 qu\u00e9t (Refresh rate) l\u00ean 90hz (Quest 1 c\u00f3 t\u1ea7n s\u1ed1 qu\u00e9t 72Hz) gi\u00fap b\u1ea1n c\u00f3 tr\u1ea3i nghi\u1ec7m h\u00ecnh \u1ea3nh m\u01b0\u1ee3t m\u00e0 h\u01a1n.<br \/>\nQuest 2 \u0111\u01b0\u1ee3c t\u00edch h\u1ee3p s\u1eb5n micro v\u00e0 loa \u00e2m thanh v\u00f2m 3D gi\u00fap hi\u1ec7u \u1ee9ng \u00e2m thanh ch\u00e2n th\u1eadt nh\u01b0 trong r\u1ea1p chi\u1ebfu phim, b\u1ea1n c\u00f3 th\u1ec3 s\u1eed d\u1ee5ng th\u00eam tai nghe ngo\u00e0i \u0111\u1ec3 c\u1eafm v\u00e0o jack 3.5 c\u00f3 s\u1eb5n (Oculus Quest kh\u00f4ng k\u1ebft n\u1ed1i v\u1edbi tai nghe bluetooth)<br \/>\nOculus Quest 2 c\u0169ng c\u00f3 th\u1ec3 k\u1ebft n\u1ed1i v\u1edbi PC \u0111\u1ec3 ch\u01a1i c\u00e1c t\u1ef1a game tr\u00ean SteamVR hay Vive Port b\u1eb1ng c\u00e1p\u00a0Oculus Link\u00a0(c\u00e1p mua ri\u00eang).<br \/>\nB\u1ea1n ho\u00e0n to\u00e0n c\u00f3 th\u1ec3 truy\u1ec1n h\u00ecnh \u1ea3nh t\u1eeb\u00a0Oculus Quest 2 l\u00ean Tivi th\u00f4ng qua Chromecast\u00a0ho\u1eb7c ph\u00e1t tr\u00ean \u0111i\u1ec7n tho\u1ea1i di \u0111\u1ed9ng c\u00f3 c\u00e0i s\u1eb5n \u1ee9ng d\u1ee5ng Oculus c\u00f9ng t\u00e0i kho\u1ea3n \u0111\u00e3 li\u00ean k\u1ebft.<br \/>\nM\u1ed9t l\u01b0u \u00fd \u0111\u1ed1i v\u1edbi Oculus Quest 2 \u0111\u00f3 l\u00e0 b\u1ea1n c\u1ea7n c\u00f3 t\u00e0i kho\u1ea3n Facebook \u0111\u1ec3 s\u1eed d\u1ee5ng ch\u1ee9 kh\u00f4ng s\u1eed d\u1ee5ng t\u00e0i kho\u1ea3n c\u1ee7a Oculus nh\u01b0 tr\u01b0\u1edbc \u0111\u00f3.<\/li>\n<li>\n<h2><strong>Tay c\u1ea7m Meta Quest 2\u00a0(controller)<\/strong><\/h2>\n<p>Tay c\u1ea7m c\u1ee7a Oculus Quest 2 \u0111\u00e3 \u0111\u01b0\u1ee3c thi\u1ebft k\u1ebf l\u1ea1i so v\u1edbi Oculus Touch phi\u00ean b\u1ea3n tr\u01b0\u1edbc \u0111\u00f3. Tay c\u1ea7m m\u1edbi gi\u00fap theo d\u00f5i ch\u00ednh x\u00e1c h\u01a1n c\u00e1c chuy\u1ec3n \u0111\u1ed9ng v\u00e0 thao t\u00e1c c\u1ee7a b\u1ea1n.<\/p>\n<p>Theo c\u00f4ng b\u1ed1 c\u1ee7a Oculus, c\u00f9ng dung l\u01b0\u1ee3ng Pin th\u00ec tay c\u1ea7m m\u1edbi c\u00f3 th\u1eddi gian s\u1eed d\u1ee5ng l\u00e2u h\u01a1n 4 l\u1ea7n so v\u1edbi phi\u00ean b\u1ea3n ti\u1ec1n nhi\u1ec7m<\/li>\n<li>\n<h2><img fetchpriority=\"high\" decoding=\"async\" src=\"https:\/\/i.imgur.com\/x44L9YF.jpg\" alt=\"Tay c\u1ea7m Oculus Quest 2 (controller)\" width=\"600\" height=\"301\" \/><\/h2>\n<\/li>\n<li>\n<h2><strong>Tr\u1ecdn b\u1ed9 s\u1ea3n ph\u1ea9m Meta Quest 2<\/strong><\/h2>\n<div>K\u00ednh th\u1ef1c t\u1ebf \u1ea3o Oculus Quest th\u1ebf h\u1ec7 2 64GB<\/div>\n<div>2 x tay c\u1ea7m (tr\u00e1i + ph\u1ea3i)<\/div>\n<div>C\u00e1p s\u1ea1c USB-C<\/div>\n<div>2 vi\u00ean pin AA<\/div>\n<div>Ngu\u1ed3n<\/div>\n<div>Mi\u1ebfng \u0111\u1ec7m t\u0103ng kh\u00f4ng gian k\u00ednh c\u1eadn (Glasses Spacer)<\/div>\n<div>Phi\u1ebfu b\u1ea3o h\u00e0nh 6 th\u00e1ng<\/div>\n<div>Mi\u1ec5n ph\u00ed v\u1eadn chuy\u1ec3n to\u00e0n qu\u1ed1c<\/div>\n<h2><img decoding=\"async\" src=\"https:\/\/i.imgur.com\/6UTGo5a.jpg\" alt=\"Tr\u1ecdn b\u1ed9 s\u1ea3n ph\u1ea9m Oculus Quest 2 64GB\" \/><\/h2>\n<\/li>\n<\/ul>\n","protected":false},"excerpt":{"rendered":"<h1 class=\"block_cen_tit\">META QUEST\u00a0 2 &#8211; 256GB<\/h1>\n<div class=\"ct_tomtat\">\u2611 K\u00ednh th\u1ef1c t\u1ebf \u1ea3o Oculus Quest 2<br \/>\n\u2611 \u0110\u1ed9 ph\u00e2n gi\u1ea3i (m\u1ed7i m\u1eaft) 1,832 \u00d7 1,920 LCD<br \/>\n\u2611 T\u1ed1c \u0111\u1ed9 l\u00e0m t\u01b0\u01a1i 90Hz<br \/>\n\u2611 CPU Snapdragon XR2<br \/>\n\u2611 RAM 6GB<br \/>\n\u2611 Th\u1eddi l\u01b0\u1ee3ng PIN 2\u20133 hours<br \/>\n\u2611 C\u00e1c m\u1ee9c \u0111i\u1ec1u ch\u1ec9nh IPD 58mm, 63mm, 68mm<br \/>\n\u2611 Tr\u1ecdng l\u01b0\u1ee3ng 503g<br \/>\n\u2611 Dung l\u01b0\u1ee3ng b\u1ed9 nh\u1edb 64GB &#8211; 128GB &#8211; 256GB<br \/>\n\u2611 C\u1ed5ng k\u1ebft n\u1ed1i USB-C (s\u1ea1c v\u00e0 k\u1ebft n\u1ed1i Oculus Link)<br \/>\n\u2611 C\u1ed5ng tai nghe jack 3.5mm<br \/>\n\u2611 K\u1ebft n\u1ed1i kh\u00f4ng d\u00e2y K\u1ebft n\u1ed1i wifi chu\u1ea9n AC 5Ghz<br \/>\n\u2611 Micro T\u00edch h\u1ee3p s\u1eb5n<br \/>\n\u2611 Loa T\u00edch h\u1ee3p s\u1eb5n<br \/>\n\u2611 G\u00f3i b\u1ea3o h\u00e0nh 6 th\u00e1ng<\/div>\n","protected":false},"featured_media":5370,"comment_status":"open","ping_status":"closed","template":"","meta":[],"product_cat":[380,30,149],"product_tag":[312],"class_list":{"0":"post-2479","1":"product","2":"type-product","3":"status-publish","4":"has-post-thumbnail","6":"product_cat-meta-quest","7":"product_cat-kinh-thuc-te-ao-vr-ar","8":"product_cat-appliances","9":"product_tag-market","10":"product_brand-chanel","12":"first","13":"instock","14":"shipping-taxable","15":"purchasable","16":"product-type-simple"},"_links":{"self":[{"href":"https:\/\/skg.vn\/index.php?rest_route=\/wp\/v2\/product\/2479","targetHints":{"allow":["GET"]}}],"collection":[{"href":"https:\/\/skg.vn\/index.php?rest_route=\/wp\/v2\/product"}],"about":[{"href":"https:\/\/skg.vn\/index.php?rest_route=\/wp\/v2\/types\/product"}],"replies":[{"embeddable":true,"href":"https:\/\/skg.vn\/index.php?rest_route=%2Fwp%2Fv2%2Fcomments&post=2479"}],"version-history":[{"count":0,"href":"https:\/\/skg.vn\/index.php?rest_route=\/wp\/v2\/product\/2479\/revisions"}],"wp:featuredmedia":[{"embeddable":true,"href":"https:\/\/skg.vn\/index.php?rest_route=\/wp\/v2\/media\/5370"}],"wp:attachment":[{"href":"https:\/\/skg.vn\/index.php?rest_route=%2Fwp%2Fv2%2Fmedia&parent=2479"}],"wp:term":[{"taxonomy":"product_cat","embeddable":true,"href":"https:\/\/skg.vn\/index.php?rest_route=%2Fwp%2Fv2%2Fproduct_cat&post=2479"},{"taxonomy":"product_tag","embeddable":true,"href":"https:\/\/skg.vn\/index.php?rest_route=%2Fwp%2Fv2%2Fproduct_tag&post=2479"}],"curies":[{"name":"wp","href":"https:\/\/api.w.org\/{rel}","templated":true}]}}