{"id":2476,"date":"2021-08-25T07:57:57","date_gmt":"2021-08-25T07:57:57","guid":{"rendered":"https:\/\/kuteshop.kutethemes.net\/?post_type=product&#038;p=2476"},"modified":"2025-09-18T00:24:06","modified_gmt":"2025-09-17T17:24:06","slug":"red-casual-dresses","status":"publish","type":"product","link":"https:\/\/skg.vn\/?product=red-casual-dresses","title":{"rendered":"B\u1ed9 Khung C\u1ea3n S\u00e1ng K\u00e8m \u0110\u1ec7m Da PU &#8211; Thay Th\u1ebf Khung \u0110\u1ec7m G\u1ed1c C\u1ee7a Meta Quest 3"},"content":{"rendered":"","protected":false},"excerpt":{"rendered":"<p><strong>B\u1ed9 Khung C\u1ea3n S\u00e1ng K\u00e8m \u0110\u1ec7m Da PU<\/strong>\u00a0&#8211; Thay Th\u1ebf Khung \u0110\u1ec7m G\u1ed1c C\u1ee7a Meta Quest 3 l\u00e0 ph\u1ee5 ki\u1ec7n quan tr\u1ecdng, gi\u00fap kh\u1eafc ph\u1ee5c ho\u00e0n to\u00e0n nh\u01b0\u1ee3c \u0111i\u1ec3m tr\u00ean b\u1ed9 khung \u0111\u1ec7m g\u1ed1c c\u1ee7a quest 3. M\u1ed9t s\u1ed1 t\u00ednh n\u0103ng h\u1eefu d\u1ee5ng c\u1ee7a s\u1ea3n ph\u1ea9m c\u00f3 th\u1ec3 k\u1ec3 \u0111\u1ebfn nh\u01b0 sau:<\/p>\n<p>\u2705 Khung c\u1ea3n s\u00e1ng &#8211; Ch\u1ed1ng l\u1ecdt s\u00e1ng<br \/>\n\u2705 \u0110\u1ec7m PU t\u0103ng s\u1ef1 tho\u1ea3i m\u00e1i<br \/>\n\u2705 C\u00f3 khe tho\u00e1t nhi\u1ec7t &#8211; T\u0103ng tho\u00e1ng m\u00e1t<br \/>\n\u2705 Gi\u1ea3m t\u00ecnh tr\u1ea1ng \u0111\u1ecdng s\u01b0\u01a1ng th\u1ea5u k\u00ednh<br \/>\n\u2705 C\u00f3 n\u00fat xoay \u0111i\u1ec1u ch\u1ec9nh k\u00edch th\u01b0\u1edbc<br \/>\n\u2705 D\u1ec5 d\u00e0ng \u0111eo k\u00e8m k\u00ednh c\u1eadn h\u01a1n<br \/>\n\u2705 T\u01b0\u01a1ng th\u00edch nhi\u1ec1u lo\u1ea1i Strap cho Quest 3<\/p>\n","protected":false},"featured_media":5305,"comment_status":"open","ping_status":"closed","template":"","meta":[],"product_cat":[30,201],"product_tag":[312],"class_list":{"0":"post-2476","1":"product","2":"type-product","3":"status-publish","4":"has-post-thumbnail","6":"product_cat-kinh-thuc-te-ao-vr-ar","7":"product_cat-phu-kien","8":"product_tag-market","9":"product_brand-meta-quest-3","10":"product_brand-phu-kien","12":"first","13":"instock","14":"shipping-taxable","15":"purchasable","16":"product-type-simple"},"_links":{"self":[{"href":"https:\/\/skg.vn\/index.php?rest_route=\/wp\/v2\/product\/2476","targetHints":{"allow":["GET"]}}],"collection":[{"href":"https:\/\/skg.vn\/index.php?rest_route=\/wp\/v2\/product"}],"about":[{"href":"https:\/\/skg.vn\/index.php?rest_route=\/wp\/v2\/types\/product"}],"replies":[{"embeddable":true,"href":"https:\/\/skg.vn\/index.php?rest_route=%2Fwp%2Fv2%2Fcomments&post=2476"}],"version-history":[{"count":0,"href":"https:\/\/skg.vn\/index.php?rest_route=\/wp\/v2\/product\/2476\/revisions"}],"wp:featuredmedia":[{"embeddable":true,"href":"https:\/\/skg.vn\/index.php?rest_route=\/wp\/v2\/media\/5305"}],"wp:attachment":[{"href":"https:\/\/skg.vn\/index.php?rest_route=%2Fwp%2Fv2%2Fmedia&parent=2476"}],"wp:term":[{"taxonomy":"product_cat","embeddable":true,"href":"https:\/\/skg.vn\/index.php?rest_route=%2Fwp%2Fv2%2Fproduct_cat&post=2476"},{"taxonomy":"product_tag","embeddable":true,"href":"https:\/\/skg.vn\/index.php?rest_route=%2Fwp%2Fv2%2Fproduct_tag&post=2476"}],"curies":[{"name":"wp","href":"https:\/\/api.w.org\/{rel}","templated":true}]}}