{"id":2438,"date":"2021-08-25T04:00:59","date_gmt":"2021-08-25T04:00:59","guid":{"rendered":"https:\/\/kuteshop.kutethemes.net\/?post_type=product&#038;p=2438"},"modified":"2025-02-13T13:31:07","modified_gmt":"2025-02-13T06:31:07","slug":"bodycon-style-dresses","status":"publish","type":"product","link":"https:\/\/skg.vn\/?product=bodycon-style-dresses","title":{"rendered":"BOBOVR S3 Pro"},"content":{"rendered":"","protected":false},"excerpt":{"rendered":"<h1 class=\"block_cen_tit\">BOBOVR S3 Pro &#8211; V\u00f2ng \u0110eo K\u00e8m Pin B100 10.000 mAh T\u00edch H\u1ee3p Qu\u1ea1t T\u1ea3n Nhi\u1ec7t Cho Meta Quest 3<\/h1>\n<div class=\"ct_tomtat\">\u2705 V\u00f2ng ch\u1ea5t l\u01b0\u1ee3ng t\u1ed1t nh\u1ea5t cho Quest 3<br \/>\n\u2705 T\u00edch h\u1ee3p Pin B100 10.000 mAH<br \/>\n\u2705 Pin c\u00f3 ngu\u1ed3n 20W s\u1ea1c nhanh h\u01a1n<br \/>\n\u2705 K\u1ebft n\u1ed1i Pin nam ch\u00e2m thu\u1eadn ti\u1ec7n<br \/>\n\u2705 Qu\u1ea1t t\u1ea3n nhi\u1ec7t ch\u1ed1ng n\u00f3ng &amp; h\u01a1i n\u01b0\u1edbc<br \/>\n\u2705 Ch\u1ec9nh \u0111\u01b0\u1ee3c c\u1ea5p \u0111\u1ed9 gi\u00f3 qu\u1ea1t<br \/>\n\u2705 Qu\u1ea1t c\u00f3 c\u00f4ng ngh\u1ec7 h\u1ea1n ch\u1ebf ti\u1ebfng \u1ed3n<br \/>\n\u2705 Li\u00ean H\u1ec7 \u0110\u1ec3 Mua H\u00e0ng.<\/div>\n<div><\/div>\n<div><\/div>\n","protected":false},"featured_media":5274,"comment_status":"open","ping_status":"closed","template":"","meta":[],"product_cat":[30,380,201],"product_tag":[312],"class_list":{"0":"post-2438","1":"product","2":"type-product","3":"status-publish","4":"has-post-thumbnail","6":"product_cat-kinh-thuc-te-ao-vr-ar","7":"product_cat-meta-quest","8":"product_cat-phu-kien","9":"product_tag-market","10":"product_brand-meta-quest-3","12":"first","13":"instock","14":"shipping-taxable","15":"purchasable","16":"product-type-simple"},"_links":{"self":[{"href":"https:\/\/skg.vn\/index.php?rest_route=\/wp\/v2\/product\/2438","targetHints":{"allow":["GET"]}}],"collection":[{"href":"https:\/\/skg.vn\/index.php?rest_route=\/wp\/v2\/product"}],"about":[{"href":"https:\/\/skg.vn\/index.php?rest_route=\/wp\/v2\/types\/product"}],"replies":[{"embeddable":true,"href":"https:\/\/skg.vn\/index.php?rest_route=%2Fwp%2Fv2%2Fcomments&post=2438"}],"version-history":[{"count":1,"href":"https:\/\/skg.vn\/index.php?rest_route=\/wp\/v2\/product\/2438\/revisions"}],"predecessor-version":[{"id":5610,"href":"https:\/\/skg.vn\/index.php?rest_route=\/wp\/v2\/product\/2438\/revisions\/5610"}],"wp:featuredmedia":[{"embeddable":true,"href":"https:\/\/skg.vn\/index.php?rest_route=\/wp\/v2\/media\/5274"}],"wp:attachment":[{"href":"https:\/\/skg.vn\/index.php?rest_route=%2Fwp%2Fv2%2Fmedia&parent=2438"}],"wp:term":[{"taxonomy":"product_cat","embeddable":true,"href":"https:\/\/skg.vn\/index.php?rest_route=%2Fwp%2Fv2%2Fproduct_cat&post=2438"},{"taxonomy":"product_tag","embeddable":true,"href":"https:\/\/skg.vn\/index.php?rest_route=%2Fwp%2Fv2%2Fproduct_tag&post=2438"}],"curies":[{"name":"wp","href":"https:\/\/api.w.org\/{rel}","templated":true}]}}