{"id":2358,"date":"2021-08-25T01:29:15","date_gmt":"2021-08-25T01:29:15","guid":{"rendered":"https:\/\/kuteshop.kutethemes.net\/?post_type=product&#038;p=2358"},"modified":"2026-02-20T08:26:25","modified_gmt":"2026-02-20T01:26:25","slug":"pretty-nautilus-de-toilette","status":"publish","type":"product","link":"https:\/\/skg.vn\/?product=pretty-nautilus-de-toilette","title":{"rendered":"PICO 4"},"content":{"rendered":"<p>\u2611 Phi\u00ean b\u1ea3n Pico 4 128GB<br \/>\n\u2611 \u0110\u1ed9 ph\u00e2n gi\u1ea3i 4K+ (cao h\u01a1n 35% so v\u1edbi chu\u1ea9n 4K)<br \/>\n\u2611 FOV 105\u00b0, t\u1ea7n s\u1ed1 qu\u00e9t 90Hz<br \/>\n\u2611 S\u1eed d\u1ee5ng CPU Snapdragon XR2 cao c\u1ea5p nh\u1ea5t hi\u1ec7n nay<br \/>\n\u2611 Nh\u1ecf v\u00e0 nh\u1eb9, k\u00ednh ch\u1ec9 n\u1eb7ng 295g<br \/>\n\u2611 Thi\u1ebft k\u1ebf c\u00f4ng th\u00e1i h\u1ecdc, pin n\u1eb1m ph\u00eda sau gi\u00fap ph\u00e2n b\u1ed5 \u0111\u1ec1u tr\u1ecdng l\u01b0\u1ee3ng k\u00ednh<br \/>\n\u2611 S\u1eed d\u1ee5ng th\u1ea5u k\u00ednh Pancake gi\u00fap t\u0103ng \u0111\u1ed9 khu\u1ebfch \u0111\u1ea1i c\u1ee7a h\u00ecnh \u1ea3nh<br \/>\n\u2611 S\u1eed d\u1ee5ng Pico Store<br \/>\n\u2611 B\u1ea3o h\u00e0nh: 06-12 th\u00e1ng t\u00f9y ch\u1ecdn<br \/>\n\u2611 Free ship to\u00e0n qu\u1ed1c<br \/>\n\u2611 Kh\u00e1ch c\u1ea7n xu\u1ea5t VAT vui l\u00f2ng li\u00ean h\u1ec7<br \/>\n\u2611 T\u1eb7ng h\u1ed9p ch\u1ed1ng shock<br \/>\n\u2611 T\u1eb7ng \u0111\u1ec7m b\u1ea3o v\u1ec7 th\u1ea5u k\u00ednh<br \/>\n\u2611<br \/>\n\u2611<\/p>\n","protected":false},"excerpt":{"rendered":"<p>\u2611 Phi\u00ean b\u1ea3n Pico 4 128GB \u2611 \u0110\u1ed9 ph\u00e2n gi\u1ea3i 4K+ (cao h\u01a1n 35% so v\u1edbi chu\u1ea9n 4K) \u2611 FOV 105\u00b0, t\u1ea7n s\u1ed1 qu\u00e9t 90Hz \u2611 S\u1eed d\u1ee5ng CPU Snapdragon XR2 cao c\u1ea5p nh\u1ea5t hi\u1ec7n nay \u2611 Nh\u1ecf v\u00e0 nh\u1eb9, k\u00ednh ch\u1ec9 n\u1eb7ng 295g \u2611 Thi\u1ebft k\u1ebf c\u00f4ng th\u00e1i h\u1ecdc, pin n\u1eb1m ph\u00eda sau gi\u00fap [&hellip;]<\/p>\n","protected":false},"featured_media":5114,"comment_status":"open","ping_status":"closed","template":"","meta":[],"product_cat":[30,149],"product_tag":[312],"class_list":{"0":"post-2358","1":"product","2":"type-product","3":"status-publish","4":"has-post-thumbnail","6":"product_cat-kinh-thuc-te-ao-vr-ar","7":"product_cat-appliances","8":"product_tag-market","9":"product_brand-meta-quest-3","11":"first","12":"instock","13":"shipping-taxable","14":"purchasable","15":"product-type-simple"},"_links":{"self":[{"href":"https:\/\/skg.vn\/index.php?rest_route=\/wp\/v2\/product\/2358","targetHints":{"allow":["GET"]}}],"collection":[{"href":"https:\/\/skg.vn\/index.php?rest_route=\/wp\/v2\/product"}],"about":[{"href":"https:\/\/skg.vn\/index.php?rest_route=\/wp\/v2\/types\/product"}],"replies":[{"embeddable":true,"href":"https:\/\/skg.vn\/index.php?rest_route=%2Fwp%2Fv2%2Fcomments&post=2358"}],"version-history":[{"count":0,"href":"https:\/\/skg.vn\/index.php?rest_route=\/wp\/v2\/product\/2358\/revisions"}],"wp:featuredmedia":[{"embeddable":true,"href":"https:\/\/skg.vn\/index.php?rest_route=\/wp\/v2\/media\/5114"}],"wp:attachment":[{"href":"https:\/\/skg.vn\/index.php?rest_route=%2Fwp%2Fv2%2Fmedia&parent=2358"}],"wp:term":[{"taxonomy":"product_cat","embeddable":true,"href":"https:\/\/skg.vn\/index.php?rest_route=%2Fwp%2Fv2%2Fproduct_cat&post=2358"},{"taxonomy":"product_tag","embeddable":true,"href":"https:\/\/skg.vn\/index.php?rest_route=%2Fwp%2Fv2%2Fproduct_tag&post=2358"}],"curies":[{"name":"wp","href":"https:\/\/api.w.org\/{rel}","templated":true}]}}