{"id":2330,"date":"2021-08-24T19:12:02","date_gmt":"2021-08-24T19:12:02","guid":{"rendered":"https:\/\/kuteshop.kutethemes.net\/?post_type=product&#038;p=2330"},"modified":"2024-04-01T13:34:05","modified_gmt":"2024-04-01T06:34:05","slug":"platinum-doka-earrings","status":"publish","type":"product","link":"https:\/\/skg.vn\/?product=platinum-doka-earrings","title":{"rendered":"K\u00ednh HTC VIVE ( Ch\u00ednh H\u00e3ng )"},"content":{"rendered":"<p>K\u00ednh HTC VIVE ch\u00ednh h\u00e3ng HTC Vi\u00eat Nam ph\u00e2n ph\u1ed1i tem Th\u1ebf Gi\u1edbi S\u1ed1 &#8211; Digiworld<\/p>\n<p>B\u1ea3o h\u00e0nh 12 th\u00e1ng to\u00e0n qu\u1ed1c cho k\u00ednh v\u00e0 6 th\u00e1ng cho ph\u1ee5 ki\u1ec7n<\/p>\n<p>HTC VIVE N\u00e2ng c\u1ea5p tr\u1ea3i nghi\u1ec7m c\u1ee7a b\u1ea1n tr\u00ean h\u00e0nh tr\u00ecnh VR H\u00e3y b\u1eaft \u0111\u1ea7u h\u00e0nh tr\u00ecnh tr\u1ea3i nghi\u1ec7m th\u1ebf gi\u1edbi VR c\u1ee7a b\u1ea1n v\u1edbi c\u00e1c t\u1ef1a game t\u1eadn d\u1ee5ng t\u1ed1i \u0111a c\u00f4ng ngh\u1ec7 quy m\u00f4 ph\u00f2ng trong nh\u1eadp vai c\u00f9ng v\u1edbi b\u1ed9 s\u1ea3n ph\u1ea9m HTC Vive. M\u1ed7i ph\u00fat gi\u00e2y trong th\u1ebf gi\u1edbi th\u1ef1c t\u1ebf \u1ea3o c\u1ee7a b\u1ea1n s\u1ebd l\u00e0 m\u1ed7i ph\u00fat gi\u00e2y th\u0103ng hoa c\u1ea3m x\u00fac. V\u1edbi b\u1ed9 \u0111i\u1ec1u khi\u1ec3n 360 \u0111\u1ed9, theo d\u00f5i tai nghe, \u00e2m thanh \u0111\u1ecbnh h\u01b0\u1edbng v\u00e0 ph\u1ea3n h\u1ed3i x\u00fac gi\u00e1c HD, VR ch\u01b0a bao gi\u1edd c\u1ea3m th\u1ea5y ch\u00e2n th\u1ef1c h\u01a1n nh\u01b0 th\u1ebf. M\u1edf r\u1ed9ng quy m\u00f4 ph\u00f2ng &#8211; Tho\u1ea3i m\u00e1i di chuy\u1ec3n Kho game kh\u1ee7ng tr\u00ean Viveport v\u00e0 Stream &#8211; Ch\u01a1i th\u1ea3 ga B\u1ed9 ph\u1ea7n c\u1ee9ng v\u01b0\u1ee3t tr\u1ed9i &#8211; Tr\u1ea3i nghi\u1ec7m v\u00f4 c\u00f9ng ch\u00e2n th\u1ef1c<\/p>\n<p>TH\u00d4NG TIN CHI TI\u1ebeT<br \/>\nTh\u00f4ng s\u1ed1 k\u1ef9 thu\u1eadt m\u00e1y t\u00ednh \u0111\u01b0\u1ee3c \u0111\u1ec1 xu\u1ea5t<br \/>\n\u0110\u1ed3 h\u1ecda *: NVIDIA\u00ae GeForce\u00ae GTX 1060 ho\u1eb7c AMD Radeon \u2122 RX 480, t\u01b0\u01a1ng \u0111\u01b0\u01a1ng ho\u1eb7c t\u1ed1t h\u01a1n.<br \/>\nB\u1ed9 x\u1eed l\u00fd: Intel\u00ae Core \u2122 i5-4590 ho\u1eb7c AMD FX \u2122 8350, t\u01b0\u01a1ng \u0111\u01b0\u01a1ng ho\u1eb7c t\u1ed1t h\u01a1n<br \/>\nB\u1ed9 nh\u1edb: RAM 4 GB tr\u1edf l\u00ean<br \/>\nXu\u1ea5t Video: HDMI 1.4, DisplayPort 1.2 tr\u1edf l\u00ean<br \/>\nC\u1ed5ng USB: 1x USB 2.0 ho\u1eb7c c\u1ed5ng t\u1ed1t h\u01a1n<br \/>\nH\u1ec7 \u0111i\u1ec1u h\u00e0nh: Windows\u00ae 7 SP1, Windows\u00ae 8.1 tr\u1edf l\u00ean, Windows\u00ae 10<\/p>\n<p>Th\u00f4ng s\u1ed1 k\u1ef9 thu\u1eadt VIVE<br \/>\nTh\u00f4ng s\u1ed1 Headset<br \/>\nM\u00e0n h\u00ecnh: \u0110\u01b0\u1eddng ch\u00e9o k\u00e9p AMOLED 3.6 &#8221;<br \/>\n\u0110\u1ed9 ph\u00e2n gi\u1ea3i m\u00e0n h\u00ecnh: 1080 x 1200 pixel m\u1ed7i m\u1eaft (k\u1ebft h\u1ee3p 2160 x 1200 pixel)<br \/>\nT\u1ea7n su\u1ea5t qu\u00e9t m\u00e0n h\u00ecnh: 90 Hz<br \/>\nG\u00f3c nh\u00ecn: 110 \u0111\u1ed9<br \/>\nC\u00e1c t\u00ednh n\u0103ng an to\u00e0n: Ranh gi\u1edbi khu v\u1ef1c ch\u01a1i tr\u00f2 ch\u01a1i v\u00e0 camera ph\u00eda tr\u01b0\u1edbc<br \/>\nC\u1ea3m bi\u1ebfn: Theo d\u00f5i SteamVR, c\u1ea3m bi\u1ebfn G, con quay h\u1ed3i chuy\u1ec3n, \u0111\u1ed9 g\u1ea7n<br \/>\nK\u1ebft n\u1ed1i: HDMI, USB 2.0, gi\u1eafc c\u1eafm tai nghe stereo 3,5 mm, Ngu\u1ed3n, Bluetooth<br \/>\n\u0110\u1ea7u v\u00e0o: T\u00edch h\u1ee3p micro<br \/>\nGi\u1ea3m th\u1ecb l\u1ef1c: Kho\u1ea3ng c\u00e1ch gi\u1eefa c\u00e1c \u1ed1ng k\u00ednh v\u00e0 \u0111i\u1ec1u ch\u1ec9nh kho\u1ea3ng c\u00e1ch \u1ed1ng k\u00ednh<\/p>\n<p>Th\u00f4ng s\u1ed1 k\u1ef9 thu\u1eadt \u0111i\u1ec1u khi\u1ec3n<br \/>\nC\u1ea3m bi\u1ebfn: Theo d\u00f5i SteamVR<br \/>\n\u0110\u1ea7u v\u00e0o: B\u00e0n di chu\u1ed9t \u0111a ch\u1ee9c n\u0103ng, n\u00fat Grip, k\u00edch ho\u1ea1t hai giai \u0111o\u1ea1n, n\u00fat H\u1ec7 th\u1ed1ng, n\u00fat Menu<br \/>\nS\u1eed d\u1ee5ng cho m\u1ed7i l\u1ea7n s\u1ea1c: X\u1ea5p x\u1ec9 6 ti\u1ebfng<br \/>\nK\u1ebft n\u1ed1i: C\u1ed5ng s\u1ea1c micro-USB<br \/>\nTheo d\u00f5i y\u00eau c\u1ea7u khu v\u1ef1c<br \/>\n\u0110\u1ee9ng \/ ng\u1ed3i: Kh\u00f4ng c\u00f3 ph\u00fat n\u00e0o y\u00eau c\u1ea7u kh\u00f4ng gian<br \/>\nQuy m\u00f4 ph\u00f2ng: 6&#8217;6 &#8216;x 5&#8217; ph\u00fat. k\u00edch th\u01b0\u1edbc ph\u00f2ng, t\u1ed1i \u0111a 16&#8217;4 &#8221;. gi\u1eefa c\u00e1c tr\u1ea1m c\u01a1 s\u1edf<\/p>\n<p><img decoding=\"async\" class=\"alignnone size-medium wp-image-5335\" src=\"https:\/\/skg.vn\/wp-content\/uploads\/2024\/03\/VIVE001-300x150.jpg\" alt=\"\" width=\"300\" height=\"150\" srcset=\"https:\/\/skg.vn\/wp-content\/uploads\/2024\/03\/VIVE001-300x150.jpg 300w, https:\/\/skg.vn\/wp-content\/uploads\/2024\/03\/VIVE001-1024x513.jpg 1024w, https:\/\/skg.vn\/wp-content\/uploads\/2024\/03\/VIVE001-768x385.jpg 768w, https:\/\/skg.vn\/wp-content\/uploads\/2024\/03\/VIVE001-1536x769.jpg 1536w, https:\/\/skg.vn\/wp-content\/uploads\/2024\/03\/VIVE001-2048x1026.jpg 2048w, https:\/\/skg.vn\/wp-content\/uploads\/2024\/03\/VIVE001-220x110.jpg 220w, https:\/\/skg.vn\/wp-content\/uploads\/2024\/03\/VIVE001-800x401.jpg 800w, https:\/\/skg.vn\/wp-content\/uploads\/2024\/03\/VIVE001-86x43.jpg 86w, https:\/\/skg.vn\/wp-content\/uploads\/2024\/03\/VIVE001-64x32.jpg 64w\" sizes=\"(max-width: 300px) 100vw, 300px\" \/><\/p>\n<p><img fetchpriority=\"high\" decoding=\"async\" class=\"alignnone size-medium wp-image-5336\" src=\"https:\/\/skg.vn\/wp-content\/uploads\/2024\/03\/VIVE002-300x244.jpg\" alt=\"\" width=\"300\" height=\"244\" srcset=\"https:\/\/skg.vn\/wp-content\/uploads\/2024\/03\/VIVE002-300x244.jpg 300w, https:\/\/skg.vn\/wp-content\/uploads\/2024\/03\/VIVE002-1024x834.jpg 1024w, https:\/\/skg.vn\/wp-content\/uploads\/2024\/03\/VIVE002-768x626.jpg 768w, https:\/\/skg.vn\/wp-content\/uploads\/2024\/03\/VIVE002-1536x1251.jpg 1536w, https:\/\/skg.vn\/wp-content\/uploads\/2024\/03\/VIVE002-189x154.jpg 189w, https:\/\/skg.vn\/wp-content\/uploads\/2024\/03\/VIVE002-800x652.jpg 800w, https:\/\/skg.vn\/wp-content\/uploads\/2024\/03\/VIVE002-86x70.jpg 86w, https:\/\/skg.vn\/wp-content\/uploads\/2024\/03\/VIVE002-64x52.jpg 64w, https:\/\/skg.vn\/wp-content\/uploads\/2024\/03\/VIVE002.jpg 1608w\" sizes=\"(max-width: 300px) 100vw, 300px\" \/><\/p>\n<p><img decoding=\"async\" class=\"alignnone size-medium wp-image-5337\" src=\"https:\/\/skg.vn\/wp-content\/uploads\/2024\/03\/VIVE003-300x147.jpg\" alt=\"\" width=\"300\" height=\"147\" srcset=\"https:\/\/skg.vn\/wp-content\/uploads\/2024\/03\/VIVE003-300x147.jpg 300w, https:\/\/skg.vn\/wp-content\/uploads\/2024\/03\/VIVE003-1024x503.jpg 1024w, https:\/\/skg.vn\/wp-content\/uploads\/2024\/03\/VIVE003-768x377.jpg 768w, https:\/\/skg.vn\/wp-content\/uploads\/2024\/03\/VIVE003-1536x754.jpg 1536w, https:\/\/skg.vn\/wp-content\/uploads\/2024\/03\/VIVE003-2048x1005.jpg 2048w, https:\/\/skg.vn\/wp-content\/uploads\/2024\/03\/VIVE003-220x108.jpg 220w, https:\/\/skg.vn\/wp-content\/uploads\/2024\/03\/VIVE003-800x393.jpg 800w, https:\/\/skg.vn\/wp-content\/uploads\/2024\/03\/VIVE003-86x42.jpg 86w, https:\/\/skg.vn\/wp-content\/uploads\/2024\/03\/VIVE003-64x31.jpg 64w\" sizes=\"(max-width: 300px) 100vw, 300px\" \/><\/p>\n","protected":false},"excerpt":{"rendered":"<div class=\"product-detail-price\">\n<ul>\n<li><b>M\u00e3 s\u1ea3n ph\u1ea9m:<\/b><\/li>\n<li><b>Th\u01b0\u01a1ng hi\u1ec7u:<\/b>\u00a0HTC<\/li>\n<li><b>Xu\u1ea5t x\u1ee9:<\/b>\u00a0Taiwan<\/li>\n<li><b>T\u00ecnh tr\u1ea1ng:<\/b>\u00a0100%<\/li>\n<li><b>Ph\u1ee5 ki\u1ec7n:<\/b>\u00a0K\u00ednh, 2 tay c\u1ea7m, 2 C\u1ea3m Bi\u1ebfn<\/li>\n<\/ul>\n<\/div>\n<div class=\"product-detail-man\">\n<div class=\"product-detail-colo\">\n<p>M\u00c0U S\u1eaeC: Black<\/p>\n<\/div>\n<\/div>\n","protected":false},"featured_media":5335,"comment_status":"open","ping_status":"closed","template":"","meta":[],"product_cat":[30],"product_tag":[394,390,395],"class_list":{"0":"post-2330","1":"product","2":"type-product","3":"status-publish","4":"has-post-thumbnail","6":"product_cat-kinh-thuc-te-ao-vr-ar","7":"product_tag-htc-vive-ce","8":"product_tag-htc-vr","9":"product_tag-kinh-thuc-te-ao-htc","10":"product_brand-phu-kien","12":"first","13":"instock","14":"shipping-taxable","15":"purchasable","16":"product-type-simple"},"_links":{"self":[{"href":"https:\/\/skg.vn\/index.php?rest_route=\/wp\/v2\/product\/2330","targetHints":{"allow":["GET"]}}],"collection":[{"href":"https:\/\/skg.vn\/index.php?rest_route=\/wp\/v2\/product"}],"about":[{"href":"https:\/\/skg.vn\/index.php?rest_route=\/wp\/v2\/types\/product"}],"replies":[{"embeddable":true,"href":"https:\/\/skg.vn\/index.php?rest_route=%2Fwp%2Fv2%2Fcomments&post=2330"}],"version-history":[{"count":0,"href":"https:\/\/skg.vn\/index.php?rest_route=\/wp\/v2\/product\/2330\/revisions"}],"wp:featuredmedia":[{"embeddable":true,"href":"https:\/\/skg.vn\/index.php?rest_route=\/wp\/v2\/media\/5335"}],"wp:attachment":[{"href":"https:\/\/skg.vn\/index.php?rest_route=%2Fwp%2Fv2%2Fmedia&parent=2330"}],"wp:term":[{"taxonomy":"product_cat","embeddable":true,"href":"https:\/\/skg.vn\/index.php?rest_route=%2Fwp%2Fv2%2Fproduct_cat&post=2330"},{"taxonomy":"product_tag","embeddable":true,"href":"https:\/\/skg.vn\/index.php?rest_route=%2Fwp%2Fv2%2Fproduct_tag&post=2330"}],"curies":[{"name":"wp","href":"https:\/\/api.w.org\/{rel}","templated":true}]}}