{"id":2300,"date":"2021-08-24T18:30:16","date_gmt":"2021-08-24T18:30:16","guid":{"rendered":"https:\/\/kuteshop.kutethemes.net\/?post_type=product&#038;p=2300"},"modified":"2024-01-20T18:06:48","modified_gmt":"2024-01-20T11:06:48","slug":"wooden-tv-frame-65-inch","status":"publish","type":"product","link":"https:\/\/skg.vn\/?product=wooden-tv-frame-65-inch","title":{"rendered":"Wooden TV Frame 65 inch"},"content":{"rendered":"<p>The 30-inch Apple Cinema HD Display delivers an amazing 2560 x 1600 pixel resolution. Designed specifically for the creative professional, this display<br \/>\nprovides more space for easier access to all the tools and palettes needed to edit, format and composite your work. Combine this display with a Mac Pro, MacBook Pro, or PowerMac G5 and there&#8217;s no limit to what you can achieve.<\/p>\n<p>Product Dimensions: 20.9 x 18.1 x 31.9 inches<br \/>\nThe Armen Living Monte contemporary dining chairs practicality and comfort are hard to match. This elegant piece is made up of a durable frame and covered with high grade faux leather upholstery. The Black metal legs add an exceptional degree of stability to the Monte, demonstrating that it will hold up for many years to come. The Monte is a perfect addition to the modern dining room and its versatility makes it ideal as additional seating in every other room in the house. The Monte comes in two elegant varieties: Black and gray faux leather upholstery.<br \/>\nFurniture pieces should make a bold statement but at the same time be simple and uncluttered, without curves or decoration. Smooth, clean, geometric shapes are essential. Upholstered furniture often wears black, white, or other neutral tones, using the natural fibers found in wool, cotton, linen, silk, jute to add textural appeal.<br \/>\nIndustrial design is great for people who do not want a cluttered home. Industrial d\u00e9cor lends itself to a sleek, organized arrangement. It provides a reclaimed feel to your home with a sophisticated comfort. If you are looking to shake up your industrial style, add blooming plants or soft textured rugs<\/p>\n<p><img fetchpriority=\"high\" decoding=\"async\" class=\"alignnone wp-image-59 size-full\" src=\"https:\/\/skg.vn\/wp-content\/uploads\/2021\/07\/product-content-1.jpg\" alt=\"\" width=\"1410\" height=\"309\" srcset=\"https:\/\/skg.vn\/wp-content\/uploads\/2021\/07\/product-content-1.jpg 1410w, https:\/\/skg.vn\/wp-content\/uploads\/2021\/07\/product-content-1-86x19.jpg 86w, https:\/\/skg.vn\/wp-content\/uploads\/2021\/07\/product-content-1-800x175.jpg 800w, https:\/\/skg.vn\/wp-content\/uploads\/2021\/07\/product-content-1-64x14.jpg 64w, https:\/\/skg.vn\/wp-content\/uploads\/2021\/07\/product-content-1-300x66.jpg 300w, https:\/\/skg.vn\/wp-content\/uploads\/2021\/07\/product-content-1-1024x224.jpg 1024w, https:\/\/skg.vn\/wp-content\/uploads\/2021\/07\/product-content-1-768x168.jpg 768w, https:\/\/skg.vn\/wp-content\/uploads\/2021\/07\/product-content-1-220x48.jpg 220w, https:\/\/skg.vn\/wp-content\/uploads\/2021\/07\/product-content-1-84x18.jpg 84w\" sizes=\"(max-width: 1410px) 100vw, 1410px\" \/><\/p>\n<table class=\"custom-desc-1\">\n<tbody>\n<tr>\n<th rowspan=\"4\">PLATFORM<\/th>\n<td>Os:<\/td>\n<td>Android 10.0<\/td>\n<\/tr>\n<tr>\n<td>Chipset:<\/td>\n<td>Qualcomm SM8250 Snapdragon 865 (7 nm+)<\/td>\n<\/tr>\n<tr>\n<td>CPU:<\/td>\n<td>Octa-core (1\u00d72.84 GHz Kryo 585 &amp; 3\u00d72.42 GHz Kryo 585 &amp; 4\u00d71.8 GHz Kryo 585)<\/td>\n<\/tr>\n<tr>\n<td>GPU:<\/td>\n<td>Adreno 650<\/td>\n<\/tr>\n<\/tbody>\n<\/table>\n<table class=\"custom-desc-1\">\n<tbody>\n<tr>\n<th rowspan=\"2\">MEMORY<\/th>\n<td>Card slot<\/td>\n<td>microSDXC (uses shared SIM slot) &#8211; dual-SIM model<\/td>\n<\/tr>\n<tr>\n<td>Internal<\/td>\n<td>128GB 8GB RAM UFS 2.1<\/td>\n<\/tr>\n<\/tbody>\n<\/table>\n","protected":false},"excerpt":{"rendered":"<p>Monte modern upholstered metal dining chair<br \/>\nSturdy wood Construction is enhanced by stylish faux Leather upholstery<br \/>\nUpholstered dining chair sports Sturdy straight Back<\/p>\n","protected":false},"featured_media":2301,"comment_status":"open","ping_status":"closed","template":"","meta":[],"product_cat":[149],"product_tag":[312],"class_list":{"0":"post-2300","1":"product","2":"type-product","3":"status-publish","4":"has-post-thumbnail","6":"product_cat-appliances","7":"product_tag-market","8":"product_brand-05-brand-1","10":"first","11":"instock","12":"shipping-taxable","13":"purchasable","14":"product-type-simple"},"_links":{"self":[{"href":"https:\/\/skg.vn\/index.php?rest_route=\/wp\/v2\/product\/2300","targetHints":{"allow":["GET"]}}],"collection":[{"href":"https:\/\/skg.vn\/index.php?rest_route=\/wp\/v2\/product"}],"about":[{"href":"https:\/\/skg.vn\/index.php?rest_route=\/wp\/v2\/types\/product"}],"replies":[{"embeddable":true,"href":"https:\/\/skg.vn\/index.php?rest_route=%2Fwp%2Fv2%2Fcomments&post=2300"}],"version-history":[{"count":0,"href":"https:\/\/skg.vn\/index.php?rest_route=\/wp\/v2\/product\/2300\/revisions"}],"wp:featuredmedia":[{"embeddable":true,"href":"https:\/\/skg.vn\/index.php?rest_route=\/wp\/v2\/media\/2301"}],"wp:attachment":[{"href":"https:\/\/skg.vn\/index.php?rest_route=%2Fwp%2Fv2%2Fmedia&parent=2300"}],"wp:term":[{"taxonomy":"product_cat","embeddable":true,"href":"https:\/\/skg.vn\/index.php?rest_route=%2Fwp%2Fv2%2Fproduct_cat&post=2300"},{"taxonomy":"product_tag","embeddable":true,"href":"https:\/\/skg.vn\/index.php?rest_route=%2Fwp%2Fv2%2Fproduct_tag&post=2300"}],"curies":[{"name":"wp","href":"https:\/\/api.w.org\/{rel}","templated":true}]}}