{"id":2270,"date":"2021-08-24T17:44:53","date_gmt":"2021-08-24T17:44:53","guid":{"rendered":"https:\/\/kuteshop.kutethemes.net\/?post_type=product&#038;p=2270"},"modified":"2025-01-04T12:09:29","modified_gmt":"2025-01-04T05:09:29","slug":"white-front-load-washer","status":"publish","type":"product","link":"https:\/\/skg.vn\/?product=white-front-load-washer","title":{"rendered":"Cho thu\u00ea Thi\u1ebft B\u1ecb Th\u1ef1c T\u1ebf \u1ea2o VR Meta Quest 3."},"content":{"rendered":"<h2 class=\"product-title\"><a href=\"https:\/\/skg.vn\/?product=golden-creative-ring\">Cho thu\u00ea K\u00ednh VR \u0110\u1ed9c L\u1eadp Meta Quest 3<\/a><\/h2>\n","protected":false},"excerpt":{"rendered":"<div class=\"product-detail-price\">\n<ul>\n<li>K\u00ednh th\u1ef1c t\u1ebf \u1ea3o Meta\u00a0<strong>Quest 3<\/strong>\u00a0c\u00f3 th\u1ec3 ho\u1ea1t \u0111\u1ed9ng \u0111\u1ed9c l\u1eadp m\u00e0 kh\u00f4ng c\u1ea7n k\u1ebft n\u1ed1i v\u1edbi \u0111i\u1ec7n tho\u1ea1i ho\u1eb7c m\u00e1y t\u00ednh.<br \/>\n<h1 class=\"h3 fw-bold title\">H\u01b0\u1edbng d\u1eabn quy tr\u00ecnh thu\u00ea.<\/h1>\n<ul>\n<li>Kh\u00e1ch thanh to\u00e1n\u00a0<strong>ti\u1ec1n thu\u00ea<\/strong>\u00a0+ c\u1ecdc\u00a0<strong>ti\u1ec1n th\u1ebft b\u1ecb\u00a0<\/strong><\/li>\n<li>Ch\u00fang t\u00f4i s\u1ebd x\u00e1c minh gi\u1ea5y t\u1edd, th\u00f4ng tin c\u00e1 nh\u00e2n<\/li>\n<li>Nh\u1eadn h\u00e0ng tr\u1ef1c ti\u1ebfp t\u1ea1i shop ho\u1eb7c t\u1ea1i \u0111\u1ecba ch\u1ec9 kh\u00e1ch cung c\u1ea5p<\/li>\n<li>Ho\u00e0n c\u1ecdc sau khi tr\u1ea3 m\u00e1y, t\u1ed1i \u0111a trong tu\u1ea7n l\u00e0m vi\u1ec7c.<\/li>\n<\/ul>\n<\/li>\n<\/ul>\n<\/div>\n","protected":false},"featured_media":5539,"comment_status":"open","ping_status":"closed","template":"","meta":[],"product_cat":[187,30,380],"product_tag":[],"class_list":{"0":"post-2270","1":"product","2":"type-product","3":"status-publish","4":"has-post-thumbnail","6":"product_cat-cho-thue-thiet-bi","7":"product_cat-kinh-thuc-te-ao-vr-ar","8":"product_cat-meta-quest","9":"product_brand-meta-quest-3","10":"product_brand-phu-kien","12":"first","13":"instock","14":"shipping-taxable","15":"purchasable","16":"product-type-simple"},"_links":{"self":[{"href":"https:\/\/skg.vn\/index.php?rest_route=\/wp\/v2\/product\/2270","targetHints":{"allow":["GET"]}}],"collection":[{"href":"https:\/\/skg.vn\/index.php?rest_route=\/wp\/v2\/product"}],"about":[{"href":"https:\/\/skg.vn\/index.php?rest_route=\/wp\/v2\/types\/product"}],"replies":[{"embeddable":true,"href":"https:\/\/skg.vn\/index.php?rest_route=%2Fwp%2Fv2%2Fcomments&post=2270"}],"version-history":[{"count":3,"href":"https:\/\/skg.vn\/index.php?rest_route=\/wp\/v2\/product\/2270\/revisions"}],"predecessor-version":[{"id":5536,"href":"https:\/\/skg.vn\/index.php?rest_route=\/wp\/v2\/product\/2270\/revisions\/5536"}],"wp:featuredmedia":[{"embeddable":true,"href":"https:\/\/skg.vn\/index.php?rest_route=\/wp\/v2\/media\/5539"}],"wp:attachment":[{"href":"https:\/\/skg.vn\/index.php?rest_route=%2Fwp%2Fv2%2Fmedia&parent=2270"}],"wp:term":[{"taxonomy":"product_cat","embeddable":true,"href":"https:\/\/skg.vn\/index.php?rest_route=%2Fwp%2Fv2%2Fproduct_cat&post=2270"},{"taxonomy":"product_tag","embeddable":true,"href":"https:\/\/skg.vn\/index.php?rest_route=%2Fwp%2Fv2%2Fproduct_tag&post=2270"}],"curies":[{"name":"wp","href":"https:\/\/api.w.org\/{rel}","templated":true}]}}